{"id":96,"date":"2015-05-08T18:47:08","date_gmt":"2015-05-08T16:47:08","guid":{"rendered":"http:\/\/schule-am-eichtalpark.schulhomepages.hamburg.de\/?page_id=96"},"modified":"2025-11-12T20:00:50","modified_gmt":"2025-11-12T19:00:50","slug":"ganztag","status":"publish","type":"page","link":"https:\/\/schule-am-eichtalpark.hamburg.de\/?page_id=96","title":{"rendered":"Unser Ganztag"},"content":{"rendered":"<h2 style=\"text-align: center\"><strong>ASB Schulkooperation am Eichtalpark<br \/>\n<\/strong><\/h2>\n<p style=\"text-align: center\"><a href=\"https:\/\/schule-am-eichtalpark.hamburg.de\/wp-content\/uploads\/sites\/171\/2023\/11\/ASB_Schulkooperation_Eichtalpark_133-1.jpg\" data-rel=\"lightbox\" data-rl_title=\"\" data-rl_caption=\"\" title=\"\"><img loading=\"lazy\" decoding=\"async\" class=\"alignnone size-full wp-image-2611\" src=\"https:\/\/schule-am-eichtalpark.hamburg.de\/wp-content\/uploads\/sites\/171\/2023\/11\/ASB_Schulkooperation_Eichtalpark_133-1.jpg\" alt=\"\" width=\"2362\" height=\"1575\" srcset=\"https:\/\/schule-am-eichtalpark.hamburg.de\/wp-content\/uploads\/sites\/171\/2023\/11\/ASB_Schulkooperation_Eichtalpark_133-1.jpg 2362w, https:\/\/schule-am-eichtalpark.hamburg.de\/wp-content\/uploads\/sites\/171\/2023\/11\/ASB_Schulkooperation_Eichtalpark_133-1-300x200.jpg 300w, https:\/\/schule-am-eichtalpark.hamburg.de\/wp-content\/uploads\/sites\/171\/2023\/11\/ASB_Schulkooperation_Eichtalpark_133-1-1024x683.jpg 1024w, https:\/\/schule-am-eichtalpark.hamburg.de\/wp-content\/uploads\/sites\/171\/2023\/11\/ASB_Schulkooperation_Eichtalpark_133-1-768x512.jpg 768w, https:\/\/schule-am-eichtalpark.hamburg.de\/wp-content\/uploads\/sites\/171\/2023\/11\/ASB_Schulkooperation_Eichtalpark_133-1-1536x1024.jpg 1536w, https:\/\/schule-am-eichtalpark.hamburg.de\/wp-content\/uploads\/sites\/171\/2023\/11\/ASB_Schulkooperation_Eichtalpark_133-1-2048x1366.jpg 2048w\" sizes=\"auto, (max-width: 2362px) 100vw, 2362px\" \/><\/a><\/p>\n<p><strong>F\u00fcr die vollst\u00e4ndige Anmeldung Ihrer Kinder f\u00fcr den Ganztag, scannen Sie bitte beide QR-Codes.<\/strong><\/p>\n<p><a href=\"https:\/\/schule-am-eichtalpark.hamburg.de\/wp-content\/uploads\/sites\/171\/2023\/11\/qrcode-schule.jpg\" data-rel=\"lightbox\" data-rl_title=\"\" data-rl_caption=\"\" title=\"\"><img loading=\"lazy\" decoding=\"async\" class=\"alignnone size-full wp-image-2595\" src=\"https:\/\/schule-am-eichtalpark.hamburg.de\/wp-content\/uploads\/sites\/171\/2023\/11\/qrcode-schule.jpg\" alt=\"\" width=\"137\" height=\"142\" \/><\/a><\/p>\n<p><em>GBS\/GTS Online<\/em> Anmeldung<\/p>\n<p><a href=\"https:\/\/schule-am-eichtalpark.hamburg.de\/wp-content\/uploads\/sites\/171\/2023\/11\/qrcode_eichtalpark.png\" data-rel=\"lightbox\" data-rl_title=\"\" data-rl_caption=\"\" title=\"\"><img loading=\"lazy\" decoding=\"async\" class=\"alignnone wp-image-2594\" src=\"https:\/\/schule-am-eichtalpark.hamburg.de\/wp-content\/uploads\/sites\/171\/2023\/11\/qrcode_eichtalpark-300x300.png\" alt=\"\" width=\"141\" height=\"147\" \/><\/a><\/p>\n<p>ASB Betreuungsvertrag<\/p>\n<p style=\"text-align: center\">Seit der Entstehung der Ganztagsschule in Hamburg kooperiert die Schule am Eichtalpark mit dem Arbeiter Samariter Bund (ASB). Als Schulkooperationspartner gestaltet der ASB die ganzt\u00e4gige Bildung und Betreuung im Rahmen der offenen Ganztagsschule (GTS).<\/p>\n<p style=\"text-align: center\">Seit dem Ausbau zur teilgebundenen Ganztagsschule in dem Schuljahr 2007\/2008 und dem Installieren von Schulsozialarbeit in den schulischen Kontext unter unserer Tr\u00e4gerschaft wurde zus\u00e4tzlich eine enge Kooperation mit dem <u><a href=\"https:\/\/www.asb-hamburg.de\/unsere-angebote\/kinder-jugend\/jugendeinrichtungen\/just-wandsbek-gartenstadt\/\">Jugend- und Stadtteilzentrum Stephanstra\u00dfe (JUST)<\/a><\/u>.<\/p>\n<p style=\"text-align: center\">Das Angebot der ASB-Schulkooperation an der Schule am Eichtalpark reicht von der verl\u00e4sslichen und kostenlosen Betreuung von Montag bis Freitag von 13:00 Uhr bis 16.00 Uhr \u00fcber eine nach Bedarf auch geb\u00fchrenpflichtige Fr\u00fch- und Sp\u00e4tbetreuung, bis hin zu einer (ebenfalls geb\u00fchrenpflichtigen) Ferienbetreuung.<\/p>\n<p style=\"text-align: center\">Innerhalb der Schulzeit sorgen nach dem Unterricht ein umfangreiches\u00a0 Nachmittagsangebot durch unsere Werkst\u00e4tte f\u00fcr Kurzweiligkeit. Unsere Angebote richten sich nach dem Konzept der <a href=\"https:\/\/www.asb-hamburg.de\/fileadmin\/user_upload\/dienstleistungen\/kinder_und_jugend\/Schulkooperationen\/PDF_Rahmenkozept_Schulkooperation\/220216_Rahmenkonzept_Schulkooperation_web_final.pdf\" target=\"_blank\" rel=\"noopener\">offenen Werkstattarbeit<\/a>. Selbstverst\u00e4ndlich ist auch f\u00fcr die Betreuung bei der Anfertigung der Hausaufgaben gesorgt. Daneben bietet der Nachmittag jedoch auch gen\u00fcgend Freiraum f\u00fcr die eigene (Frei-) Zeitgestaltung.<\/p>\n<p style=\"text-align: center\">Ein wichtiges Augenmerk wird auf die Qualit\u00e4tsentwicklung der Nachmittagsbetreuung an der Schule am Eichtalpark gelegt. Die qualitativen Eckpunkte der ASB-Nachmittagsbetreuung bilden insbesondere:<\/p>\n<ul>\n<li style=\"text-align: left\">eine ganzheitliche, wertsch\u00e4tzende und st\u00e4rkeorientierte Sicht auf das Kind<\/li>\n<li style=\"text-align: left\">das Recht der Kinder auf eine freie Zeitgestaltung am Nachmittag<\/li>\n<li style=\"text-align: left\">die Errichtung von Beteiligungsstrukturen am Nachmittag (Partizipation)<\/li>\n<li style=\"text-align: left\">die Verzahnung von Vor- und Nachmittag<\/li>\n<li style=\"text-align: left\">die Gestaltung von R\u00e4umen in ihrer \u201eDoppelfunktion\u201c<\/li>\n<li style=\"text-align: left\">die offenen Lernzeiten<\/li>\n<li style=\"text-align: left\">Inklusion<\/li>\n<li style=\"text-align: left\">Kinderschutz<\/li>\n<\/ul>\n<p style=\"text-align: center\">Alle angestellten Mitarbeiter der ASB-Ganztagsbetreuung an der Schule am Eichtalpark haben eine fachliche Eignung. Derzeit wird der Nachmittag von insgesamt vierzehn festangestellten p\u00e4dagogischen Mitarbeitern gestaltet, die teilweise auch am Vormittag in der Unterrichtsbegleitung t\u00e4tig sind und drei geringf\u00fcgige Besch\u00e4ftigte.<\/p>\n<p style=\"text-align: center\">Frau Zoroglu und Frau Carlucci\u00a0 stehen Ihnen als Leitung und Stellvertretende Standortleitung bei Nachfragen zur Verf\u00fcgung, hierf\u00fcr k\u00f6nnen Sie telefonisch oder per Mail einen Termin vereinbaren.<\/p>\n<p style=\"text-align: left\">Frau Carlucci: <span title=\"elettra.carlucci@asb-hamburg.de\" data-v-d4fe22a9=\"\" aria-hidden=\"true\">elettra.carlucci@asb-hamburg.de<\/span><\/p>\n<p style=\"text-align: left\">Frau Zoroglu: Yasemin.Zoroglu@asb-hamburg.de<\/p>\n<p style=\"text-align: left\">Telefonnummer: 040 428863920<\/p>\n<p>Unsere Schlie\u00dfzeiten f\u00fcr das Schuljahr 2025\/2026 folgen demn\u00e4chst&#8230;<\/p>\n<p>&nbsp;<\/p>\n","protected":false},"excerpt":{"rendered":"<p>ASB Schulkooperation am Eichtalpark F\u00fcr die vollst\u00e4ndige Anmeldung Ihrer Kinder f\u00fcr den Ganztag, scannen Sie bitte beide QR-Codes. GBS\/GTS Online Anmeldung ASB Betreuungsvertrag Seit der Entstehung der Ganztagsschule in Hamburg kooperiert die Schule am Eichtalpark mit dem Arbeiter Samariter Bund (ASB). Als Schulkooperationspartner gestaltet der ASB die ganzt\u00e4gige Bildung und Betreuung im Rahmen der offenen &hellip; <a href=\"https:\/\/schule-am-eichtalpark.hamburg.de\/?page_id=96\" class=\"more-link\"><span class=\"screen-reader-text\">Unser Ganztag<\/span> weiterlesen<\/a><\/p>\n","protected":false},"author":957,"featured_media":0,"parent":0,"menu_order":0,"comment_status":"closed","ping_status":"closed","template":"","meta":{"_acf_changed":false,"footnotes":""},"class_list":["post-96","page","type-page","status-publish","hentry"],"acf":[],"_links":{"self":[{"href":"https:\/\/schule-am-eichtalpark.hamburg.de\/index.php?rest_route=\/wp\/v2\/pages\/96","targetHints":{"allow":["GET"]}}],"collection":[{"href":"https:\/\/schule-am-eichtalpark.hamburg.de\/index.php?rest_route=\/wp\/v2\/pages"}],"about":[{"href":"https:\/\/schule-am-eichtalpark.hamburg.de\/index.php?rest_route=\/wp\/v2\/types\/page"}],"author":[{"embeddable":true,"href":"https:\/\/schule-am-eichtalpark.hamburg.de\/index.php?rest_route=\/wp\/v2\/users\/957"}],"replies":[{"embeddable":true,"href":"https:\/\/schule-am-eichtalpark.hamburg.de\/index.php?rest_route=%2Fwp%2Fv2%2Fcomments&post=96"}],"version-history":[{"count":30,"href":"https:\/\/schule-am-eichtalpark.hamburg.de\/index.php?rest_route=\/wp\/v2\/pages\/96\/revisions"}],"predecessor-version":[{"id":3303,"href":"https:\/\/schule-am-eichtalpark.hamburg.de\/index.php?rest_route=\/wp\/v2\/pages\/96\/revisions\/3303"}],"wp:attachment":[{"href":"https:\/\/schule-am-eichtalpark.hamburg.de\/index.php?rest_route=%2Fwp%2Fv2%2Fmedia&parent=96"}],"curies":[{"name":"wp","href":"https:\/\/api.w.org\/{rel}","templated":true}]}}