{"id":577,"date":"2015-11-05T12:41:05","date_gmt":"2015-11-05T11:41:05","guid":{"rendered":"http:\/\/schule-am-eichtalpark.schulhomepages.hamburg.de\/?page_id=577"},"modified":"2023-02-03T12:59:18","modified_gmt":"2023-02-03T11:59:18","slug":"elternrat","status":"publish","type":"page","link":"https:\/\/schule-am-eichtalpark.hamburg.de\/?page_id=577","title":{"rendered":"Elternrat"},"content":{"rendered":"<p>Hallo!<\/p>\n<p>Wir sind der Elternrat und wir brauchen deine Unterst\u00fctzung!<\/p>\n<p><b>Elternratsvorsitz: Frau Duru &amp; Frau Wiegosz<\/b><\/p>\n<p><strong>Schriftf\u00fchrung:<\/strong> Frau Kloth<\/p>\n<p><strong>Vertreter im Kreiselternrat<\/strong>: Herr Ro\u00df<\/p>\n<p>Mitglieder der<strong>\u00a0Schulkonferenz<\/strong>: Frau Duru, Frau Bayburt &amp; Frau Wiegosz<\/p>\n<p>Mitglieder des <strong>Ganztagsausschusses<\/strong>: Frau Ulrich &amp; Frau Stefanou<\/p>\n<p><strong>Mitglieder des Elternrats:<\/strong><\/p>\n<p>Frau Duru, Frau Wiegosz, Frau Kloth, Frau Bayburt, Frau Stefanou, Frau Ulrich, Herr Dittmann &amp; Herr Ro\u00df<\/p>\n<p>Ersatz: Frau Sent\u00fcrk &amp; Frau Eisenberger<\/p>\n<p><strong>Was macht der Elternrat?<\/strong><\/p>\n<p>Der Elternrat ist ein wichtiger Teil der Schule. Hier k\u00f6nnen wir Eltern den Schulalltag mitgestalten. Egal, ob es um Unterrichtsausfall, Schulfeste und Schulausstattung, Zusammenlegung- und Teilung der Klassen oder eine personelle Ver\u00e4nderung der Schulleitung geht &#8211; der Elternrat ber\u00e4t und nimmt Stellung. Denn wir Eltern kennen ja den Schulalltag aus einer ganz besonderen Perspektive. Wir berichten einander aus unseren Klassenstufen und wollen Probleme gemeinsam angehen und in Zusammenarbeit mit der Schulleitung gute L\u00f6sungen finden, damit wir alle uns an unserer Schule wohlf\u00fchlen k\u00f6nnen.<\/p>\n<p><strong>Wer, wann und wo?<\/strong><\/p>\n<p>Wir treffen uns in regelm\u00e4\u00dfigen Abst\u00e4nden au\u00dferhalb der Schulferien.<br \/>\nDie meisten unserer Sitzungen sind schul\u00f6ffentlich und werden auf der Schulwebsite angek\u00fcndigt. Schul\u00f6ffentlich bedeutet: Einfach vorbeikommen! Ob nur als stiller Teilnehmer oder mit guten Ideen \u2013 wir brauchen euch! (Und es ist wirklich nett bei uns!)<\/p>\n<p><strong>Liebe Eltern der Vorschule, 1. und 2. Klassen<\/strong>\u00a0\u2013 ihr seid die Zukunft und damit ganz besonders herzlich eingeladen!\u00a0 \ud83d\ude42<\/p>\n<p>Tritt doch gerne unserer WhatsApp Community der Schule bei und erhalte dort immer die neusten Infos!<\/p>\n<p><a href=\"https:\/\/schule-am-eichtalpark.hamburg.de\/wp-content\/uploads\/sites\/171\/2023\/02\/IMG-20230131-WA0021.jpg\" data-rel=\"lightbox\" data-rl_title=\"\" data-rl_caption=\"\" title=\"\"><img loading=\"lazy\" decoding=\"async\" class=\"alignnone size-medium wp-image-2221\" src=\"https:\/\/schule-am-eichtalpark.hamburg.de\/wp-content\/uploads\/sites\/171\/2023\/02\/IMG-20230131-WA0021-169x300.jpg\" alt=\"\" width=\"169\" height=\"300\" srcset=\"https:\/\/schule-am-eichtalpark.hamburg.de\/wp-content\/uploads\/sites\/171\/2023\/02\/IMG-20230131-WA0021-169x300.jpg 169w, https:\/\/schule-am-eichtalpark.hamburg.de\/wp-content\/uploads\/sites\/171\/2023\/02\/IMG-20230131-WA0021-576x1024.jpg 576w, https:\/\/schule-am-eichtalpark.hamburg.de\/wp-content\/uploads\/sites\/171\/2023\/02\/IMG-20230131-WA0021-768x1365.jpg 768w, https:\/\/schule-am-eichtalpark.hamburg.de\/wp-content\/uploads\/sites\/171\/2023\/02\/IMG-20230131-WA0021-864x1536.jpg 864w, https:\/\/schule-am-eichtalpark.hamburg.de\/wp-content\/uploads\/sites\/171\/2023\/02\/IMG-20230131-WA0021.jpg 1080w\" sizes=\"auto, (max-width: 169px) 100vw, 169px\" \/><\/a><\/p>\n<p>Dass ein Elternrat gebildet wird, ist f\u00fcr allgemeinbildende Schulen vorgeschrieben<\/p>\n<p>(HmbSG \u00a7 72 ff).<\/p>\n","protected":false},"excerpt":{"rendered":"<p>Hallo! Wir sind der Elternrat und wir brauchen deine Unterst\u00fctzung! Elternratsvorsitz: Frau Duru &amp; Frau Wiegosz Schriftf\u00fchrung: Frau Kloth Vertreter im Kreiselternrat: Herr Ro\u00df Mitglieder der\u00a0Schulkonferenz: Frau Duru, Frau Bayburt &amp; Frau Wiegosz Mitglieder des Ganztagsausschusses: Frau Ulrich &amp; Frau Stefanou Mitglieder des Elternrats: Frau Duru, Frau Wiegosz, Frau Kloth, Frau Bayburt, Frau Stefanou, Frau &hellip; <a href=\"https:\/\/schule-am-eichtalpark.hamburg.de\/?page_id=577\" class=\"more-link\"><span class=\"screen-reader-text\">Elternrat<\/span> weiterlesen<\/a><\/p>\n","protected":false},"author":957,"featured_media":0,"parent":13,"menu_order":2,"comment_status":"closed","ping_status":"closed","template":"","meta":{"_acf_changed":false,"footnotes":""},"class_list":["post-577","page","type-page","status-publish","hentry"],"acf":[],"_links":{"self":[{"href":"https:\/\/schule-am-eichtalpark.hamburg.de\/index.php?rest_route=\/wp\/v2\/pages\/577","targetHints":{"allow":["GET"]}}],"collection":[{"href":"https:\/\/schule-am-eichtalpark.hamburg.de\/index.php?rest_route=\/wp\/v2\/pages"}],"about":[{"href":"https:\/\/schule-am-eichtalpark.hamburg.de\/index.php?rest_route=\/wp\/v2\/types\/page"}],"author":[{"embeddable":true,"href":"https:\/\/schule-am-eichtalpark.hamburg.de\/index.php?rest_route=\/wp\/v2\/users\/957"}],"replies":[{"embeddable":true,"href":"https:\/\/schule-am-eichtalpark.hamburg.de\/index.php?rest_route=%2Fwp%2Fv2%2Fcomments&post=577"}],"version-history":[{"count":8,"href":"https:\/\/schule-am-eichtalpark.hamburg.de\/index.php?rest_route=\/wp\/v2\/pages\/577\/revisions"}],"predecessor-version":[{"id":2223,"href":"https:\/\/schule-am-eichtalpark.hamburg.de\/index.php?rest_route=\/wp\/v2\/pages\/577\/revisions\/2223"}],"up":[{"embeddable":true,"href":"https:\/\/schule-am-eichtalpark.hamburg.de\/index.php?rest_route=\/wp\/v2\/pages\/13"}],"wp:attachment":[{"href":"https:\/\/schule-am-eichtalpark.hamburg.de\/index.php?rest_route=%2Fwp%2Fv2%2Fmedia&parent=577"}],"curies":[{"name":"wp","href":"https:\/\/api.w.org\/{rel}","templated":true}]}}