{"id":3312,"date":"2025-11-27T20:13:32","date_gmt":"2025-11-27T19:13:32","guid":{"rendered":"https:\/\/schule-am-eichtalpark.hamburg.de\/?page_id=3312"},"modified":"2025-11-27T20:13:32","modified_gmt":"2025-11-27T19:13:32","slug":"staatliche-jugendmusikschule-hamburg","status":"publish","type":"page","link":"https:\/\/schule-am-eichtalpark.hamburg.de\/?page_id=3312","title":{"rendered":"Staatliche Jugendmusikschule Hamburg"},"content":{"rendered":"<p>&nbsp;<\/p>\n<p><strong>Kooperation mit der Staatlichen Jugendmusikschule Hamburg <\/strong><\/p>\n<p><a href=\"https:\/\/www.hamburg.de\/politik-und-verwaltung\/behoerden\/schulbehoerde\/einrichtungen-beratung\/staatliche-jugendmusikschule-hamburg\" target=\"_blank\" rel=\"noopener\"><img loading=\"lazy\" decoding=\"async\" class=\"aligncenter wp-image-3108 \" src=\"https:\/\/schule-am-eichtalpark.hamburg.de\/wp-content\/uploads\/sites\/171\/2025\/05\/Unbenannt.png\" alt=\"Jugendmusikschule\" width=\"152\" height=\"150\" \/><\/a><\/p>\n<p>Durch die Kooperation mit der Staatlichen Jugendmusikschule Hamburg (JMS) haben wir eine wichtige kulturelle Institution direkt vor Ort.<\/p>\n<p>In Zusammenarbeit mit der Jugendmusikschule bieten wir folgende Unterrichtsangebote:<\/p>\n<ul>\n<li><strong>im Nachmittagsunterricht: Blockfl\u00f6te, Keyboards, Klavier, Klavier popular, Musikalische Fr\u00fcherziehung, Violine<\/strong><\/li>\n<\/ul>\n<p>Der Nachmittags-Unterricht kann direkt \u00fcber die Jugendmusikschule angemeldet werden und findet im Einzel- und Gruppenunterricht statt. (F\u00fcr den geb\u00fchrenpflichtigen JMS-Unterricht ist auf Antrag eine Geb\u00fchrenerm\u00e4\u00dfigung bis zu vollst\u00e4ndigem Erlass m\u00f6glich).<\/p>\n<p>Dar\u00fcber hinaus hat die Jugendmusikschule noch weiteren Grundf\u00e4cherunterricht, Instrumental- und Gesangsunterricht an weiteren Schul-Standorten im Angebot.<\/p>\n<p>Weitere Informationen unter:<\/p>\n<p><a href=\"https:\/\/www.hamburg.de\/go\/jugendmusikschule\/\">https:\/\/www.hamburg.de\/go\/jugendmusikschule\/<\/a><\/p>\n<p><strong>Staatliche Jugendmusikschule, Stadtbereich Ost<\/strong><\/p>\n<p>Alter Teichweg 200, 22049 Hamburg<\/p>\n<p>Tel. 040 \/ 428977147<\/p>\n<p>E-Mail: jugendmusikschule-ost@bsfb.hamburg.de<\/p>\n<p>Stadtbereichsleitung: Tilman H\u00fcbner, Assistenz: Ramona Beyer<\/p>\n<p>Sprechzeiten zur Beratung: Mo 10-13 Uhr, Di 10-12 Uhr und Do 14-17 Uhr<\/p>\n<p>&nbsp;<\/p>\n","protected":false},"excerpt":{"rendered":"<p>&nbsp; Kooperation mit der Staatlichen Jugendmusikschule Hamburg Durch die Kooperation mit der Staatlichen Jugendmusikschule Hamburg (JMS) haben wir eine wichtige kulturelle Institution direkt vor Ort. In Zusammenarbeit mit der Jugendmusikschule bieten wir folgende Unterrichtsangebote: im Nachmittagsunterricht: Blockfl\u00f6te, Keyboards, Klavier, Klavier popular, Musikalische Fr\u00fcherziehung, Violine Der Nachmittags-Unterricht kann direkt \u00fcber die Jugendmusikschule angemeldet werden und findet &hellip; <a href=\"https:\/\/schule-am-eichtalpark.hamburg.de\/?page_id=3312\" class=\"more-link\"><span class=\"screen-reader-text\">Staatliche Jugendmusikschule Hamburg<\/span> weiterlesen<\/a><\/p>\n","protected":false},"author":1536,"featured_media":0,"parent":0,"menu_order":0,"comment_status":"closed","ping_status":"closed","template":"","meta":{"_acf_changed":false,"footnotes":""},"class_list":["post-3312","page","type-page","status-publish","hentry"],"acf":[],"_links":{"self":[{"href":"https:\/\/schule-am-eichtalpark.hamburg.de\/index.php?rest_route=\/wp\/v2\/pages\/3312","targetHints":{"allow":["GET"]}}],"collection":[{"href":"https:\/\/schule-am-eichtalpark.hamburg.de\/index.php?rest_route=\/wp\/v2\/pages"}],"about":[{"href":"https:\/\/schule-am-eichtalpark.hamburg.de\/index.php?rest_route=\/wp\/v2\/types\/page"}],"author":[{"embeddable":true,"href":"https:\/\/schule-am-eichtalpark.hamburg.de\/index.php?rest_route=\/wp\/v2\/users\/1536"}],"replies":[{"embeddable":true,"href":"https:\/\/schule-am-eichtalpark.hamburg.de\/index.php?rest_route=%2Fwp%2Fv2%2Fcomments&post=3312"}],"version-history":[{"count":1,"href":"https:\/\/schule-am-eichtalpark.hamburg.de\/index.php?rest_route=\/wp\/v2\/pages\/3312\/revisions"}],"predecessor-version":[{"id":3313,"href":"https:\/\/schule-am-eichtalpark.hamburg.de\/index.php?rest_route=\/wp\/v2\/pages\/3312\/revisions\/3313"}],"wp:attachment":[{"href":"https:\/\/schule-am-eichtalpark.hamburg.de\/index.php?rest_route=%2Fwp%2Fv2%2Fmedia&parent=3312"}],"curies":[{"name":"wp","href":"https:\/\/api.w.org\/{rel}","templated":true}]}}