{"id":3150,"date":"2025-06-21T11:32:38","date_gmt":"2025-06-21T09:32:38","guid":{"rendered":"https:\/\/schule-am-eichtalpark.hamburg.de\/?page_id=3150"},"modified":"2025-10-29T14:54:16","modified_gmt":"2025-10-29T13:54:16","slug":"meister-des-brettes-go","status":"publish","type":"page","link":"https:\/\/schule-am-eichtalpark.hamburg.de\/?page_id=3150","title":{"rendered":"Meister des Brettes &#8211; GO"},"content":{"rendered":"<p style=\"text-align: center\"><strong>Was ist Go? Eine kurze Einleitung&#8230;<\/strong><br \/>\n\u201cGo\u201d stammt urspr\u00fcnglich aus China und ist das \u00e4lteste und anspruchsvollste Brettspiel der Welt. Das Spiel hat eine lange Geschichte und hat sich nach seiner Erfindung in ganz Ostasien verbreitet. Dabei beeinflusste es die Kultur vieler L\u00e4nder. Weltweit spielen es heutzutage dutzende Millionen Menschen, die meisten leben davon in China, Japan, Korea und Taiwan. Es gibt viele Gr\u00fcnde, die das Spiel so faszinierend machen. F\u00fcr die einen ist es der Spa\u00df am Spielen, f\u00fcr andere die \u00c4sthetik und das Material (Brett &amp; Steine), f\u00fcr wieder andere die Komplexit\u00e4t, die Geschichte, die dahinterstehende und tiefgr\u00fcndige Theorie, die<br \/>\npers\u00f6nlichen Lern- und Entwicklungsm\u00f6glichkeiten, der Umstand, dass Go eine lebenslange Herausforderung darstellt oder die sehr einfachen Spielregeln, mit denen sich auch Anf\u00e4nger gegen Meister fair duellieren k\u00f6nnen. In jedem Fall k\u00f6nnen Sprachbarrieren beim Spielen leicht \u00fcberwunden werden und es bringt auf magische Weise Menschen aus unterschiedlichen Kulturen und unterschiedlichen Alters zusammen.<a href=\"https:\/\/schule-am-eichtalpark.hamburg.de\/wp-content\/uploads\/sites\/171\/2025\/07\/IMG_0493-scaled.jpg\" data-rel=\"lightbox\" data-rl_title=\"\" data-rl_caption=\"\" title=\"\"><img loading=\"lazy\" decoding=\"async\" class=\"aligncenter wp-image-3222 size-medium\" src=\"https:\/\/schule-am-eichtalpark.hamburg.de\/wp-content\/uploads\/sites\/171\/2025\/07\/IMG_0493-207x300.jpg\" alt=\"\" width=\"207\" height=\"300\" srcset=\"https:\/\/schule-am-eichtalpark.hamburg.de\/wp-content\/uploads\/sites\/171\/2025\/07\/IMG_0493-207x300.jpg 207w, https:\/\/schule-am-eichtalpark.hamburg.de\/wp-content\/uploads\/sites\/171\/2025\/07\/IMG_0493-707x1024.jpg 707w, https:\/\/schule-am-eichtalpark.hamburg.de\/wp-content\/uploads\/sites\/171\/2025\/07\/IMG_0493-768x1112.jpg 768w, https:\/\/schule-am-eichtalpark.hamburg.de\/wp-content\/uploads\/sites\/171\/2025\/07\/IMG_0493-1061x1536.jpg 1061w, https:\/\/schule-am-eichtalpark.hamburg.de\/wp-content\/uploads\/sites\/171\/2025\/07\/IMG_0493-1415x2048.jpg 1415w, https:\/\/schule-am-eichtalpark.hamburg.de\/wp-content\/uploads\/sites\/171\/2025\/07\/IMG_0493-scaled.jpg 1768w\" sizes=\"auto, (max-width: 207px) 100vw, 207px\" \/><\/a><\/p>\n<p style=\"text-align: center\"><strong>Lernspektrum und Entwicklungsm\u00f6glichkeiten beim Go-Spiel<\/strong><\/p>\n<p style=\"text-align: center\">F\u00fcr Kinder ist Go mehr als nur ein Zeitvertreib. Sie k\u00f6nnen durch das Go-Spielen Spannungen abbauen, ihre Neugier befriedigen und grundlegende Eigenschaften erlernen. Sie verbessern dabei ihre sozialen und psychischen F\u00e4higkeiten, bauen Selbstvertrauen auf, messen sich mit anderen Kindern und lernen so sich und andere auf spielerische Weise einzusch\u00e4tzen. Hier eine Aufz\u00e4hlung welche Eigenschaften, Qualit\u00e4ten und F\u00e4higkeiten beim Go-Spiel noch gelernt werden k\u00f6nnen:<\/p>\n<ul style=\"text-align: center\">\n<li><strong>Strategie und Taktik<\/strong>: Steigerung des Denkverm\u00f6gens und des Ged\u00e4chtnisses, Visualisierung, Vorstellungsverm\u00f6gen, r\u00e4umliche Wahrnehmung, vernetztes Denken, Vorausschauendes Denken, Planen, Bewerten, Berechnen, Ausw\u00e4hlen, \u00dcberpr\u00fcfen, Formerkennung, Inneres Reden, Blick f\u00fcrs Wesentliche (Detail und Blick f\u00fcrs Ganze)<\/li>\n<\/ul>\n<ul style=\"text-align: center\">\n<li><strong>Grundeigenschaften<\/strong>: Konzentration, Aufmerksamkeit, Aufnahmeverm\u00f6gen, Ausdauer, Geduld, Selbstbeherrschung, Willenskraft, Angstbew\u00e4ltigung, Initiative, Flexibilit\u00e4t, Intuition, Kreativit\u00e4t, Entwickeln von Hypothesen und Ideen<\/li>\n<\/ul>\n<ul style=\"text-align: center\">\n<li><strong>Soziales Verhalten<\/strong>: die F\u00e4higkeit sich in andere Menschen hineinzuversetzen, Kommunikation, Gemeinschaft, Kameradschaft, gegenseitige Unterst\u00fctzung, Respekt, R\u00fccksichtnahme, Selbstbeherrschung, Kompromissbereitschaft, Gelassenheit (verlieren k\u00f6nnen), psychische und emotionale Belastungen ertragen.<\/li>\n<\/ul>\n<p style=\"text-align: center\">Diese und viele weitere Erkenntnisse und Erfahrungen aus der Spielp\u00e4dagogik waren der Grund, Go auch in die Schule am Eichtalpark einzuf\u00fchren und dar\u00fcber die Entwicklung des Kindes zu f\u00f6rdern.<\/p>\n<p style=\"text-align: center\"><strong>GO in der Schule am Eichtalpark<\/strong><\/p>\n<p style=\"text-align: center\">Seit April 2022 wird \u201cGo\u201d nun in unserer Schule gespielt. Stefan Budig und Markus Kienappel (beide haben Meistergrade) haben es nach und nach in allen Klassen einmal vorgestellt und weckten so das Interesse vieler Sch\u00fcler und Sch\u00fclerinnen. Geholfen hat dabei die japanische Anime-Serie Hikaru no Go, denn sie gibt einen guten Einblick \u00fcber das Spiel und zeigt eine Go-Story, die bei Grundschulkindern sehr gut ankommt.<\/p>\n<p style=\"text-align: center\">Go kann t\u00e4glich am Nachmittag im Rahmen der Gesellschaftsspiele gespielt werden. Zweimal w\u00f6chentlich wird es auch als eigenes Angebot am Nachmittag in der Go-Akademie angeboten, welches vor allem genutzt wird, um zu trainieren. Die Sch\u00fcler starten Go auf dem kleinen 9&#215;9-Brett und k\u00f6nnen dank Vorgabesteinen (maximal 9) auch gegen die beiden Go-Lehrer gewinnen. Sobald die Sch\u00fcler mit 5 Vorgabesteinen gewinnen, erhalten sie als Anerkennung eine japanische 5 Yen-M\u00fcnze, die als Kettenanh\u00e4nger getragen werden kann. Sie ist bei den Sch\u00fclern sehr begehrt und sie k\u00f6nnen damit allen zeigen, dass sie schon zu den besten Spielern der Schule geh\u00f6ren. Gleichzeitig qualifizieren sie sich damit, nun auch auf dem mittelgro\u00dfen 13&#215;13-Brett zu spielen. Gewinnen sie dort mit 9 Vorgabesteinen gegen die Lehrer, bekommen sie ein wei\u00dfes Go-Armband. Weitere Verbesserungen werden dann, wie beim Karate, mit Go-Armb\u00e4ndern in anderen Farben belohnt. In einem Einstufungsturnier, dass auf dem gro\u00dfen 19&#215;19-Brett ausgetragen wird, k\u00f6nnen die Sch\u00fcler, sofern stark genug, eine offizielle Spielst\u00e4rke (Kyu-Grad) erhalten. Sie bekommen dann ein offizielles Namensschild der Schule mit Ihrer Spielst\u00e4rke darauf.<\/p>\n<p style=\"text-align: center\"><strong>Turniere &amp; Meisterschaften<\/strong><\/p>\n<p style=\"text-align: center\">Einmal im Jahr duellieren sich die besten Sch\u00fcler in der Schulmeisterschaft und k\u00e4mpfen um die begehrten Medaillen und einen Wanderpokal. Weitere Turniere wie W\u00fcrfel-Go, Phantom-Go &amp; Mannschafts-Go werden bei uns angeboten und sollen vor allem den Spa\u00df und die Motivation am Go hochhalten. Die besten Sch\u00fcler d\u00fcrfen jedes Jahr mit Herrn Budig und Herrn Kienappel zur Deutschen Go-Mannschaftsmeisterschaft &amp; Hans Pietsch Memorial-Turnier fahren. Dieses Wochenendturnier findet immer nach den Sommerferien gegen Ende September in einer ausgew\u00e4hlten Schule in Deutschland statt.<\/p>\n<p class=\"p1\" style=\"text-align: center\"><strong><span class=\"s1\">Deutsche Schul-GO-Mannschaftsmeisterschaft &amp; das 21. Hans Pietsch Memorial-Turnier 2025 in Hamburg<\/span><\/strong><\/p>\n<p class=\"p1\" style=\"text-align: center\"><span class=\"s1\">Am 27. und 28. September 2025 fand die Deutsche Schul-GO-Mannschaftsmeisterschaft und das 21. Hans Pietsch Memorial \u2013 dieses Jahr an unserer Schule am Eichtalpark statt. Teams aus ganz Deutschland reisten an, um in mehreren spannenden Runden um den Titel der besten Schul-GO-Mannschaft zu spielen. Eine besondere Ehre war der Besuch des japanischen Generalkonsuls, Herrn Shinsuke Toda, der die Er\u00f6ffnungsrede hielt. Das Turnier erinnerte zugleich an den herausragenden deutschen Go-Spieler Hans Pietsch, dessen Engagement f\u00fcr das Spiel bis heute nachwirkt. In einer konzentrierten, aber zugleich freundschaftlichen Atmosph\u00e4re zeigten die teilnehmenden Sch\u00fclerinnen und Sch\u00fcler eindrucksvoll strategisches Denken und Teamgeist. Wir freuen uns, Gastgeber dieses besonderen nationalen GO-Events gewesen zu sein.<\/span><\/p>\n<p><a href=\"https:\/\/schule-am-eichtalpark.hamburg.de\/wp-content\/uploads\/sites\/171\/2025\/10\/98AE813F-A197-4D52-9E2A-C5588354427F.jpeg\" data-rel=\"lightbox\" data-rl_title=\"\" data-rl_caption=\"\" title=\"\"><img loading=\"lazy\" decoding=\"async\" class=\"size-large wp-image-3293\" src=\"https:\/\/schule-am-eichtalpark.hamburg.de\/wp-content\/uploads\/sites\/171\/2025\/10\/98AE813F-A197-4D52-9E2A-C5588354427F-822x1024.jpeg\" alt=\"\" width=\"660\" height=\"822\" srcset=\"https:\/\/schule-am-eichtalpark.hamburg.de\/wp-content\/uploads\/sites\/171\/2025\/10\/98AE813F-A197-4D52-9E2A-C5588354427F-822x1024.jpeg 822w, https:\/\/schule-am-eichtalpark.hamburg.de\/wp-content\/uploads\/sites\/171\/2025\/10\/98AE813F-A197-4D52-9E2A-C5588354427F-241x300.jpeg 241w, https:\/\/schule-am-eichtalpark.hamburg.de\/wp-content\/uploads\/sites\/171\/2025\/10\/98AE813F-A197-4D52-9E2A-C5588354427F-768x957.jpeg 768w, https:\/\/schule-am-eichtalpark.hamburg.de\/wp-content\/uploads\/sites\/171\/2025\/10\/98AE813F-A197-4D52-9E2A-C5588354427F-1233x1536.jpeg 1233w, https:\/\/schule-am-eichtalpark.hamburg.de\/wp-content\/uploads\/sites\/171\/2025\/10\/98AE813F-A197-4D52-9E2A-C5588354427F.jpeg 1328w\" sizes=\"auto, (max-width: 660px) 100vw, 660px\" \/><\/a><\/p>\n<p class=\"p1\" style=\"text-align: center\"><strong><span class=\"s1\">Hamburger GO-Einzelmeisterschaft 2025<\/span><\/strong><\/p>\n<p class=\"p1\" style=\"text-align: center\"><span class=\"s2\">Am 24. September 2025 fand in der Modernen Schule Hamburg die diesj\u00e4hrige <\/span><span class=\"s1\">Hamburger GO-Einzelmeisterschaft<\/span><span class=\"s2\"> statt. Zahlreiche Sch\u00fclerinnen und Sch\u00fcler aus verschiedenen Schulen der Stadt traten gegeneinander an, um ihr strategisches K\u00f6nnen im traditionellen Brettspiel Go unter Beweis zu stellen. Besonders erfreulich: Ein Sch\u00fcler unserer vierten Klasse konnte sich in spannenden Partien gegen die Konkurrenz durchsetzen und den <\/span><span class=\"s1\">ersten Platz<\/span><span class=\"s2\"> erringen. Wir gratulieren herzlich zu diesem beeindruckenden Erfolg und freuen uns \u00fcber den gro\u00dfartigen Beitrag unserer Schule zu diesem traditionsreichen Denksportturnier.<\/span><\/p>\n<p><a href=\"https:\/\/schule-am-eichtalpark.hamburg.de\/wp-content\/uploads\/sites\/171\/2025\/10\/247F079B-4E36-4A28-A14D-D7D2F17E83B1.jpeg\" data-rel=\"lightbox\" data-rl_title=\"\" data-rl_caption=\"\" title=\"\"><img loading=\"lazy\" decoding=\"async\" class=\"size-large wp-image-3294 aligncenter\" src=\"https:\/\/schule-am-eichtalpark.hamburg.de\/wp-content\/uploads\/sites\/171\/2025\/10\/247F079B-4E36-4A28-A14D-D7D2F17E83B1-1024x1024.jpeg\" alt=\"\" width=\"660\" height=\"660\" srcset=\"https:\/\/schule-am-eichtalpark.hamburg.de\/wp-content\/uploads\/sites\/171\/2025\/10\/247F079B-4E36-4A28-A14D-D7D2F17E83B1-1024x1024.jpeg 1024w, https:\/\/schule-am-eichtalpark.hamburg.de\/wp-content\/uploads\/sites\/171\/2025\/10\/247F079B-4E36-4A28-A14D-D7D2F17E83B1-300x300.jpeg 300w, https:\/\/schule-am-eichtalpark.hamburg.de\/wp-content\/uploads\/sites\/171\/2025\/10\/247F079B-4E36-4A28-A14D-D7D2F17E83B1-150x150.jpeg 150w, https:\/\/schule-am-eichtalpark.hamburg.de\/wp-content\/uploads\/sites\/171\/2025\/10\/247F079B-4E36-4A28-A14D-D7D2F17E83B1-768x767.jpeg 768w, https:\/\/schule-am-eichtalpark.hamburg.de\/wp-content\/uploads\/sites\/171\/2025\/10\/247F079B-4E36-4A28-A14D-D7D2F17E83B1.jpeg 1328w\" sizes=\"auto, (max-width: 660px) 100vw, 660px\" \/><\/a><\/p>\n<p style=\"text-align: center\"><strong>Deutsche Schul-Go-Mannschaftsmeisterschaft &amp; 20. Hans Pietsch Memorial-Turnier 2024 in Frankfurt<\/strong><\/p>\n<p style=\"text-align: center\">Zum dritten Mal in Folge nahm die Schule am Eichtalpark am HPM teil. Dieses Jahr fand sie am 21.\/22. September 2024 in Frankfurt am Main statt. \u00dcbernachtet wurde in einer Jugendherberge, sehr zur Freude aller Teilnehmer, da nicht, wie \u00fcblich, in einer Turnhalle \u00fcbernachtet werden musste. Mitfahren durften die 12 besten Go-Spieler unserer Schule, welche vor den Sommerferien bei der Go-Schulmeisterschaft ermittelt wurden. Da es ein Schul-Mannschaftsturnier ist, bei dem drei Sch\u00fcler\/innen einer Schule gegen drei Sch\u00fcler\/innen einer anderen Schule antreten, konnten wir dieses Jahr fast vier reine Mannschaften stellen. Fast, weil einer unserer Sch\u00fcler kurz vor der Abfahrt krank ausfiel und durch eine andere Sch\u00fclerin aus HH ersetzt wurde. So entstand eine HH-Mix Mannschaft. Wie jedes Jahr fuhren wir zusammen mit den Sch\u00fcler\/innen aus der St. Joseph Schule und der Modernen Schule HH zum Turnier. Im Zug wurde flei\u00dfig Go gespielt und der Fu\u00dfweg zur Jugendherberge f\u00fchrte uns bei bestem Sonnenwetter direkt am Main entlang. Unsere Sch\u00fcler spielten beim F\u00fcchse-Turnier mit, das bedeutet, die Partien wurden auf dem 13&#215;13 Brett (mittlere Gr\u00f6\u00dfe) ausgetragen. Insgesamt meldeten sich acht Mannschaften aus ganz Deutschland daf\u00fcr an. Der Samstag nach der Ankunft wurde genutzt f\u00fcr ein Vorgabeturnier und am Sonntag durften dann die vier st\u00e4rksten Mannschaften in einer Gruppe jeder gegen jeden, um den Sieg zu spielen.<\/p>\n<p style=\"text-align: center\"><strong>Die Ergebnisse:<\/strong><\/p>\n<p style=\"text-align: center\">1.Platz: HH-Mix-Mannschaft (Schule am Eichtalpark + St. Joseph Schule)<\/p>\n<p style=\"text-align: center\"><strong>2.Platz: 1. Mannschaft der Schule am Eichtalpark<\/strong><\/p>\n<p style=\"text-align: center\">3.Platz: 1. Mannschaft aus der St. Joseph Schule<\/p>\n<p style=\"text-align: center\">Damit landeten f\u00fcnf unserer Sch\u00fcler\/innen beim F\u00fcchse-Turnier auf dem Podest. Ein ziemlich gutes Ergebnis! N\u00e4chstes Jahr sind unsere Sch\u00fcler reif f\u00fcr das Tiger-Turnier und k\u00f6nnen dann auf dem 19&#215;19 Brett antreten. Es war ein super Go-Wochenende in Frankfurt, leider viel zu kurz, denn die Sch\u00fcler hatten enorm viel Spa\u00df und fanden es toll, gegen Sch\u00fcler\/innen anderer Schulen anzutreten. Auch wird an so einem Turnier immer viel gelernt und die Go-F\u00e4higkeiten weiter ausgebaut.<\/p>\n<p><a href=\"https:\/\/schule-am-eichtalpark.hamburg.de\/wp-content\/uploads\/sites\/171\/2025\/07\/7E27CCF3-C2A8-43BD-BC99-E75197255E45.jpg\" data-rel=\"lightbox\" data-rl_title=\"\" data-rl_caption=\"\" title=\"\"><img loading=\"lazy\" decoding=\"async\" class=\"size-full wp-image-3226 aligncenter\" src=\"https:\/\/schule-am-eichtalpark.hamburg.de\/wp-content\/uploads\/sites\/171\/2025\/07\/7E27CCF3-C2A8-43BD-BC99-E75197255E45.jpg\" alt=\"\" width=\"719\" height=\"717\" srcset=\"https:\/\/schule-am-eichtalpark.hamburg.de\/wp-content\/uploads\/sites\/171\/2025\/07\/7E27CCF3-C2A8-43BD-BC99-E75197255E45.jpg 719w, https:\/\/schule-am-eichtalpark.hamburg.de\/wp-content\/uploads\/sites\/171\/2025\/07\/7E27CCF3-C2A8-43BD-BC99-E75197255E45-300x300.jpg 300w, https:\/\/schule-am-eichtalpark.hamburg.de\/wp-content\/uploads\/sites\/171\/2025\/07\/7E27CCF3-C2A8-43BD-BC99-E75197255E45-150x150.jpg 150w\" sizes=\"auto, (max-width: 719px) 100vw, 719px\" \/><\/a><\/p>\n<p style=\"text-align: center\">Und das sagen einige unserer Sch\u00fcler\/innen \u00fcber das Wochenende in Frankfurt am Main:<\/p>\n<p style=\"text-align: center\">-SuS A: Es war toll, mit meinen Mitsch\u00fclern in der Jugendherberge zu \u00fcbernachten. Die Zimmer waren sch\u00f6n und die Betten gem\u00fctlich. Ich konnte gut schlafen und das ganze Wochenende war ein sehr sch\u00f6nes Erlebnis.<\/p>\n<p style=\"text-align: center\">-SuS B: Mir hat alles gefallen. Sch\u00f6n war auch, dass meine Eltern mitgefahren sind.<\/p>\n<p style=\"text-align: center\">-SuS C: Am besten hat mir gefallen, dass wir den 2. Platz erreicht haben.<\/p>\n<p style=\"text-align: center\">-SuS D: Ich fand die Zimmer und das Phantom-Go-Turnier sehr gut.<\/p>\n<p style=\"text-align: center\">-SuS E: Es hat mir alles viel Spa\u00df gemacht und ich fand es cool, dass wir lange aufbleiben durften.<\/p>\n<p style=\"text-align: center\">-SuS F: Toll war, dass wir mit unseren Freunden ein Zimmer teilen konnten.<\/p>\n<p style=\"text-align: center\">-SuS G: Das mein Team gewonnen hat und ich Yusuf besiegen konnte, hat mich am meisten gefreut.<\/p>\n<p style=\"text-align: center\">-SuS H: Ich habe mich riesig \u00fcber den 3. Platz gefreut.<\/p>\n<p style=\"text-align: center\"><strong>Deutsche Schul-Go-Mannschaftsmeisterschaft &amp; 19. Hans Pietsch Memorial-Turnier 2023 in Rostock<\/strong><\/p>\n<p style=\"text-align: center\">Am 23. und 24. September 2023 fand die j\u00e4hrliche Deutsche Schul-Go-Mannschaftsmeisterschaft &amp; das Hans Pietsch Memorial (HPM)-Turnier in Rostock statt. Die Schule am Eichtalpark war mit 3 von insgesamt 16 Mannschaften aus ganz Deutschland angetreten. Aufgrund des sehr n\u00f6rdlich liegenden Austragungsortes (Schulcampus Rostock-Evershagen) war Hamburg sogar mit insgesamt 9 Mannschaften bei dem Turnier vertreten. Da unserer Schule ein Spieler f\u00fcr das dritte Team fehlte (ein Team besteht aus 3 Spielern), bekamen wir noch einen Sch\u00fcler aus einer anderen Hamburger Schule zugeteilt. Um die Deutsche Meisterschaft spielten nur die zwei st\u00e4rksten Teams (keine aus HH), da es daf\u00fcr keine weiteren Anmeldungen gab. Alle anderen Mannschaften spielten im sogenannten Hans Pietsch Memorial-Turnier in zwei Gruppen. (Hans Pietsch war Deutschlands bester Go-Spieler und Profi). Die Tiger-Gruppe f\u00fcr die Fortgeschrittenen und die F\u00fcchse-Gruppe f\u00fcr die schw\u00e4cheren Sch\u00fcler. Die Schule am Eichtalpark belegte in der F\u00fcchse-Gruppe sensationell den 1. und 3. Platz.<\/p>\n<p><a href=\"https:\/\/schule-am-eichtalpark.hamburg.de\/wp-content\/uploads\/sites\/171\/2025\/07\/068B3E78-F058-460E-B9CA-8C889E265790.jpg\" data-rel=\"lightbox\" data-rl_title=\"\" data-rl_caption=\"\" title=\"\"><img loading=\"lazy\" decoding=\"async\" class=\"aligncenter wp-image-3225 size-full\" src=\"https:\/\/schule-am-eichtalpark.hamburg.de\/wp-content\/uploads\/sites\/171\/2025\/07\/068B3E78-F058-460E-B9CA-8C889E265790.jpg\" alt=\"\" width=\"721\" height=\"718\" srcset=\"https:\/\/schule-am-eichtalpark.hamburg.de\/wp-content\/uploads\/sites\/171\/2025\/07\/068B3E78-F058-460E-B9CA-8C889E265790.jpg 721w, https:\/\/schule-am-eichtalpark.hamburg.de\/wp-content\/uploads\/sites\/171\/2025\/07\/068B3E78-F058-460E-B9CA-8C889E265790-300x300.jpg 300w, https:\/\/schule-am-eichtalpark.hamburg.de\/wp-content\/uploads\/sites\/171\/2025\/07\/068B3E78-F058-460E-B9CA-8C889E265790-150x150.jpg 150w\" sizes=\"auto, (max-width: 721px) 100vw, 721px\" \/><\/a><\/p>\n<p style=\"text-align: center\">Und das sagen unsere Sch\u00fcler\/innen \u00fcber das Wochenende in Rostock:<\/p>\n<p style=\"text-align: center\">&#8211; Sch\u00fcler\/in A: Die Schule in Rostock war toll und ich habe mich sehr \u00fcber den Preis als J\u00fcngster Teilnehmer (ein 19&#215;19 Go-Brett) gefreut. Das Go-Spielen hat riesig Spa\u00df gemacht.<\/p>\n<p style=\"text-align: center\">-Sch\u00fcler\/in B: Es war cool in einer Turnhalle zu \u00fcbernachten.<\/p>\n<p style=\"text-align: center\">-Sch\u00fcler\/in C: Das Wochenende war gut und hat Spa\u00df gemacht. Es war genau die richtige Anzahl an Go-Partien. Gefallen hat mir auch das Phantom-Go-Turnier am Samstagabend. Nur leider bin ich in der ersten Runde rausgeflogen. Auf der R\u00fcckfahrt sind wir dann gerade noch rechtzeitig aus dem Zug gestiegen.<\/p>\n<p style=\"text-align: center\">-Sch\u00fcler\/in D: Die Fahrt und das Spielen haben mir viel Spa\u00df gemacht.<\/p>\n<p style=\"text-align: center\">-Sch\u00fcler\/in E: Es war toll, gegen Sch\u00fcler aus einer anderen Schule anzutreten und 3. Zu werden.<\/p>\n<p style=\"text-align: center\">-Sch\u00fcler\/in F: Das Go-Spielen hat Spa\u00df gemacht und das Gewinnen auch! Go macht aber immer Spa\u00df.<\/p>\n<p style=\"text-align: center\">-Sch\u00fcler\/in G: Es hat mich sehr gefreut, dass ich mitfahren durfte und dass wir das F\u00fcchse-Turnier gewonnen haben.<\/p>\n","protected":false},"excerpt":{"rendered":"<p>Was ist Go? Eine kurze Einleitung&#8230; \u201cGo\u201d stammt urspr\u00fcnglich aus China und ist das \u00e4lteste und anspruchsvollste Brettspiel der Welt. Das Spiel hat eine lange Geschichte und hat sich nach seiner Erfindung in ganz Ostasien verbreitet. Dabei beeinflusste es die Kultur vieler L\u00e4nder. Weltweit spielen es heutzutage dutzende Millionen Menschen, die meisten leben davon in &hellip; <a href=\"https:\/\/schule-am-eichtalpark.hamburg.de\/?page_id=3150\" class=\"more-link\"><span class=\"screen-reader-text\">Meister des Brettes &#8211; GO<\/span> weiterlesen<\/a><\/p>\n","protected":false},"author":934,"featured_media":0,"parent":165,"menu_order":0,"comment_status":"closed","ping_status":"closed","template":"","meta":{"_acf_changed":false,"footnotes":""},"class_list":["post-3150","page","type-page","status-publish","hentry"],"acf":[],"_links":{"self":[{"href":"https:\/\/schule-am-eichtalpark.hamburg.de\/index.php?rest_route=\/wp\/v2\/pages\/3150","targetHints":{"allow":["GET"]}}],"collection":[{"href":"https:\/\/schule-am-eichtalpark.hamburg.de\/index.php?rest_route=\/wp\/v2\/pages"}],"about":[{"href":"https:\/\/schule-am-eichtalpark.hamburg.de\/index.php?rest_route=\/wp\/v2\/types\/page"}],"author":[{"embeddable":true,"href":"https:\/\/schule-am-eichtalpark.hamburg.de\/index.php?rest_route=\/wp\/v2\/users\/934"}],"replies":[{"embeddable":true,"href":"https:\/\/schule-am-eichtalpark.hamburg.de\/index.php?rest_route=%2Fwp%2Fv2%2Fcomments&post=3150"}],"version-history":[{"count":14,"href":"https:\/\/schule-am-eichtalpark.hamburg.de\/index.php?rest_route=\/wp\/v2\/pages\/3150\/revisions"}],"predecessor-version":[{"id":3299,"href":"https:\/\/schule-am-eichtalpark.hamburg.de\/index.php?rest_route=\/wp\/v2\/pages\/3150\/revisions\/3299"}],"up":[{"embeddable":true,"href":"https:\/\/schule-am-eichtalpark.hamburg.de\/index.php?rest_route=\/wp\/v2\/pages\/165"}],"wp:attachment":[{"href":"https:\/\/schule-am-eichtalpark.hamburg.de\/index.php?rest_route=%2Fwp%2Fv2%2Fmedia&parent=3150"}],"curies":[{"name":"wp","href":"https:\/\/api.w.org\/{rel}","templated":true}]}}