{"id":2570,"date":"2023-11-11T22:10:41","date_gmt":"2023-11-11T21:10:41","guid":{"rendered":"https:\/\/schule-am-eichtalpark.hamburg.de\/?page_id=2570"},"modified":"2023-12-08T21:55:28","modified_gmt":"2023-12-08T20:55:28","slug":"kinderberichte","status":"publish","type":"page","link":"https:\/\/schule-am-eichtalpark.hamburg.de\/?page_id=2570","title":{"rendered":"Kinderberichte"},"content":{"rendered":"<p>&nbsp;<\/p>\n<p><a href=\"https:\/\/schule-am-eichtalpark.hamburg.de\/wp-content\/uploads\/sites\/171\/2023\/11\/Ein-Tag-im-Rabatzz-2a_page-0001.jpg\" data-rel=\"lightbox\" data-rl_title=\"\" data-rl_caption=\"\" title=\"\"><img loading=\"lazy\" decoding=\"async\" class=\"wp-image-2574  alignleft\" src=\"https:\/\/schule-am-eichtalpark.hamburg.de\/wp-content\/uploads\/sites\/171\/2023\/11\/Ein-Tag-im-Rabatzz-2a_page-0001-724x1024.jpg\" alt=\"\" width=\"592\" height=\"837\" srcset=\"https:\/\/schule-am-eichtalpark.hamburg.de\/wp-content\/uploads\/sites\/171\/2023\/11\/Ein-Tag-im-Rabatzz-2a_page-0001-724x1024.jpg 724w, https:\/\/schule-am-eichtalpark.hamburg.de\/wp-content\/uploads\/sites\/171\/2023\/11\/Ein-Tag-im-Rabatzz-2a_page-0001-212x300.jpg 212w, https:\/\/schule-am-eichtalpark.hamburg.de\/wp-content\/uploads\/sites\/171\/2023\/11\/Ein-Tag-im-Rabatzz-2a_page-0001-768x1086.jpg 768w, https:\/\/schule-am-eichtalpark.hamburg.de\/wp-content\/uploads\/sites\/171\/2023\/11\/Ein-Tag-im-Rabatzz-2a_page-0001-1086x1536.jpg 1086w, https:\/\/schule-am-eichtalpark.hamburg.de\/wp-content\/uploads\/sites\/171\/2023\/11\/Ein-Tag-im-Rabatzz-2a_page-0001-1448x2048.jpg 1448w, https:\/\/schule-am-eichtalpark.hamburg.de\/wp-content\/uploads\/sites\/171\/2023\/11\/Ein-Tag-im-Rabatzz-2a_page-0001.jpg 1755w\" sizes=\"auto, (max-width: 592px) 100vw, 592px\" \/><\/a><\/p>\n<p>&nbsp;<\/p>\n<p><a href=\"https:\/\/schule-am-eichtalpark.hamburg.de\/wp-content\/uploads\/sites\/171\/2023\/11\/Lesenacht-1b_page-0001.jpg\" data-rel=\"lightbox\" data-rl_title=\"\" data-rl_caption=\"\" title=\"\"><img loading=\"lazy\" decoding=\"async\" class=\"alignnone wp-image-2573 size-large\" src=\"https:\/\/schule-am-eichtalpark.hamburg.de\/wp-content\/uploads\/sites\/171\/2023\/11\/Lesenacht-1b_page-0001-724x1024.jpg\" alt=\"\" width=\"660\" height=\"933\" srcset=\"https:\/\/schule-am-eichtalpark.hamburg.de\/wp-content\/uploads\/sites\/171\/2023\/11\/Lesenacht-1b_page-0001-724x1024.jpg 724w, https:\/\/schule-am-eichtalpark.hamburg.de\/wp-content\/uploads\/sites\/171\/2023\/11\/Lesenacht-1b_page-0001-212x300.jpg 212w, https:\/\/schule-am-eichtalpark.hamburg.de\/wp-content\/uploads\/sites\/171\/2023\/11\/Lesenacht-1b_page-0001-768x1087.jpg 768w, https:\/\/schule-am-eichtalpark.hamburg.de\/wp-content\/uploads\/sites\/171\/2023\/11\/Lesenacht-1b_page-0001-1085x1536.jpg 1085w, https:\/\/schule-am-eichtalpark.hamburg.de\/wp-content\/uploads\/sites\/171\/2023\/11\/Lesenacht-1b_page-0001.jpg 1240w\" sizes=\"auto, (max-width: 660px) 100vw, 660px\" \/><\/a><\/p>\n<p>&nbsp;<\/p>\n<p><a href=\"https:\/\/schule-am-eichtalpark.hamburg.de\/wp-content\/uploads\/sites\/171\/2023\/11\/Elbphilhsarmonie-1c_page-0001.jpg\" data-rel=\"lightbox\" data-rl_title=\"\" data-rl_caption=\"\" title=\"\"><img loading=\"lazy\" decoding=\"async\" class=\"alignnone wp-image-2580 size-large\" src=\"https:\/\/schule-am-eichtalpark.hamburg.de\/wp-content\/uploads\/sites\/171\/2023\/11\/Elbphilhsarmonie-1c_page-0001-724x1024.jpg\" alt=\"\" width=\"660\" height=\"933\" srcset=\"https:\/\/schule-am-eichtalpark.hamburg.de\/wp-content\/uploads\/sites\/171\/2023\/11\/Elbphilhsarmonie-1c_page-0001-724x1024.jpg 724w, https:\/\/schule-am-eichtalpark.hamburg.de\/wp-content\/uploads\/sites\/171\/2023\/11\/Elbphilhsarmonie-1c_page-0001-212x300.jpg 212w, https:\/\/schule-am-eichtalpark.hamburg.de\/wp-content\/uploads\/sites\/171\/2023\/11\/Elbphilhsarmonie-1c_page-0001-768x1087.jpg 768w, https:\/\/schule-am-eichtalpark.hamburg.de\/wp-content\/uploads\/sites\/171\/2023\/11\/Elbphilhsarmonie-1c_page-0001-1085x1536.jpg 1085w, https:\/\/schule-am-eichtalpark.hamburg.de\/wp-content\/uploads\/sites\/171\/2023\/11\/Elbphilhsarmonie-1c_page-0001.jpg 1240w\" sizes=\"auto, (max-width: 660px) 100vw, 660px\" \/><\/a><\/p>\n<header class=\"entry-header\">\n<h1 class=\"entry-title\">Berichte<\/h1>\n<\/header>\n<div class=\"entry-content\">\n<h3><strong>Bericht \u00fcber die Klassenreise <\/strong><\/h3>\n<h3><strong>der Affenklasse<\/strong><\/h3>\n<p>von Anna, Henri, D., L. und L. \u00a0 \u00a0 \u00a0 \u00a0 \u00a0 \u00a0 \u00a0 \u00a0 \u00a0 \u00a0 \u00a0 \u00a0 \u00a0 \u00a0 \u00a0 \u00a0 \u00a0 \u00a0 \u00a0 \u00a0 \u00a0 \u00a0 \u00a0 \u00a0 \u00a0 \u00a0 \u00a0 \u00a0 \u00a0 \u00a0 <a title=\"\" href=\"https:\/\/schule-am-eichtalpark.hamburg.de\/wp-content\/uploads\/sites\/171\/2023\/11\/0876117A-BBC5-4382-9F6E-4336A6D89840-scaled.jpg\" data-rel=\"lightbox-image-bGlnaHRib3g=\" data-rl_title=\"\" data-rl_caption=\"\" data-rl_title=\"\" data-rl_caption=\"\"><img loading=\"lazy\" decoding=\"async\" class=\"size-thumbnail wp-image-2550 aligncenter\" src=\"https:\/\/schule-am-eichtalpark.hamburg.de\/wp-content\/uploads\/sites\/171\/2023\/11\/0876117A-BBC5-4382-9F6E-4336A6D89840-150x150.jpg\" alt=\"\" width=\"150\" height=\"150\" \/><\/a><\/p>\n<p>Montags ging die Klassenfahrt los. Wir haben uns alle am Bahnhof gesammelt. Wir sind in den Zug eingestiegen und sind eineinhalb Stunden nach Cuxhaven gefahren. Danach sind wir nochmal 10 Minuten mit dem Bus gefahren und nochmal 3 Minuten zu Fu\u00df gegangen. Dann waren wir in der Jugendherberge. Wir wurden auf unsere Zimmer aufgeteilt. Wir durften uns umgucken. In der Jugendherberge gab es sogar einen Basketballkorb.<\/p>\n<p>Am Dienstag hatte D. Geburtstag. Zum Fr\u00fchst\u00fcck hat sie einen bunten Kuchen bekommen. Danach haben wir Postkarten geschrieben. Wir haben an unsere Eltern geschrieben. Am Nachmittag haben wir eine Wattwanderung gemacht.<\/p>\n<p>Am Mittwoch wurden wir fr\u00fch aufgeweckt und mussten unseren Rucksack packen und haben gefr\u00fchst\u00fcckt. Dann sind wir zum Hafen gelaufen. Wir sind auf ein Schiff gegangen und sind zwei Stunden zur Insel Neuwerk gefahren. Als wir endlich da waren wurde uns klar, dass es eine Wanderung werden soll. Wir haben viele viele Pferde gesehen. Als wir endlich eine Pause gemacht haben haben wir unsere Decken ausgebreitet. Aber die Wiese war voller Entenpoop. Zur\u00fcck sind wir mit der Kutsche gefahren.<\/p>\n<p>Am Donnerstag wurden wir aufgeweckt und sind in die Cafeteria gegangen und haben gefr\u00fchst\u00fcckt. Danach sind wir in den Innenhof gegangen und haben eine \u00dcberraschung bekommen. Die \u00dcberraschung war dass Fr. Stein zu Besuch war. Alle haben sich gefreut. Danach sind wir losgegangen und haben sich und haben Geschenke f\u00fcr unsere Eltern gekauft. Anschlie\u00dfend sind wir zur Pinguinf\u00fctterung gegangen. Da konnten wir viel \u00fcber Pinguine fragen. Es war toll. Danach hatten wir eine Strandparty und alle die noch Geld hatten durften noch ein Eis essen. Die Strandparty war toll. Am Abend haben wir gegrillt. Es war sehr lecker.<\/p>\n<p>Am Freitag mussten wir fr\u00fch am Morgen vor dem Fr\u00fchst\u00fcck unsere Koffer packen weil wir nach Hause mussten. Die Klassenfahrt war echt cool. Dann mussten wir wieder zum Bahnhof. Am Ende waren wir alle gl\u00fccklich wieder zu Hause zu sein.<a title=\"\" href=\"https:\/\/schule-am-eichtalpark.hamburg.de\/wp-content\/uploads\/sites\/171\/2023\/11\/IMG_5303-scaled.jpg\" data-rel=\"lightbox-image-bGlnaHRib3g=\" data-rl_title=\"\" data-rl_caption=\"\" data-rl_title=\"\" data-rl_caption=\"\"><img loading=\"lazy\" decoding=\"async\" class=\"size-thumbnail wp-image-2549 aligncenter\" src=\"https:\/\/schule-am-eichtalpark.hamburg.de\/wp-content\/uploads\/sites\/171\/2023\/11\/IMG_5303-150x150.jpg\" alt=\"\" width=\"150\" height=\"150\" \/><\/a><\/p>\n<\/div>\n","protected":false},"excerpt":{"rendered":"<p>&nbsp; &nbsp; &nbsp; Berichte Bericht \u00fcber die Klassenreise der Affenklasse von Anna, Henri, D., L. und L. \u00a0 \u00a0 \u00a0 \u00a0 \u00a0 \u00a0 \u00a0 \u00a0 \u00a0 \u00a0 \u00a0 \u00a0 \u00a0 \u00a0 \u00a0 \u00a0 \u00a0 \u00a0 \u00a0 \u00a0 \u00a0 \u00a0 \u00a0 \u00a0 \u00a0 \u00a0 \u00a0 \u00a0 \u00a0 \u00a0 Montags ging die Klassenfahrt los. Wir haben uns &hellip; <a href=\"https:\/\/schule-am-eichtalpark.hamburg.de\/?page_id=2570\" class=\"more-link\"><span class=\"screen-reader-text\">Kinderberichte<\/span> weiterlesen<\/a><\/p>\n","protected":false},"author":1536,"featured_media":0,"parent":0,"menu_order":0,"comment_status":"closed","ping_status":"closed","template":"","meta":{"_acf_changed":false,"footnotes":""},"class_list":["post-2570","page","type-page","status-publish","hentry"],"acf":[],"_links":{"self":[{"href":"https:\/\/schule-am-eichtalpark.hamburg.de\/index.php?rest_route=\/wp\/v2\/pages\/2570","targetHints":{"allow":["GET"]}}],"collection":[{"href":"https:\/\/schule-am-eichtalpark.hamburg.de\/index.php?rest_route=\/wp\/v2\/pages"}],"about":[{"href":"https:\/\/schule-am-eichtalpark.hamburg.de\/index.php?rest_route=\/wp\/v2\/types\/page"}],"author":[{"embeddable":true,"href":"https:\/\/schule-am-eichtalpark.hamburg.de\/index.php?rest_route=\/wp\/v2\/users\/1536"}],"replies":[{"embeddable":true,"href":"https:\/\/schule-am-eichtalpark.hamburg.de\/index.php?rest_route=%2Fwp%2Fv2%2Fcomments&post=2570"}],"version-history":[{"count":7,"href":"https:\/\/schule-am-eichtalpark.hamburg.de\/index.php?rest_route=\/wp\/v2\/pages\/2570\/revisions"}],"predecessor-version":[{"id":2643,"href":"https:\/\/schule-am-eichtalpark.hamburg.de\/index.php?rest_route=\/wp\/v2\/pages\/2570\/revisions\/2643"}],"wp:attachment":[{"href":"https:\/\/schule-am-eichtalpark.hamburg.de\/index.php?rest_route=%2Fwp%2Fv2%2Fmedia&parent=2570"}],"curies":[{"name":"wp","href":"https:\/\/api.w.org\/{rel}","templated":true}]}}