{"id":22,"date":"2015-04-27T11:59:36","date_gmt":"2015-04-27T09:59:36","guid":{"rendered":"http:\/\/schule-am-eichtalpark.schulhomepages.hamburg.de\/?page_id=22"},"modified":"2020-08-13T12:10:24","modified_gmt":"2020-08-13T10:10:24","slug":"impressum","status":"publish","type":"page","link":"https:\/\/schule-am-eichtalpark.hamburg.de\/?page_id=22","title":{"rendered":"Impressum"},"content":{"rendered":"<p><strong>Schule am Eichtalpark<\/strong><br \/>\nVor- und Grundschule<br \/>\nWaldd\u00f6rferstra\u00dfe 243<br \/>\n22047 Hamburg<\/p>\n<p>Tel. 040 \/ 428 86 39 0<br \/>\nFax 040 \/ 428 86 39 22<\/p>\n<p>email: schule-am-eichtalpark@bsb.hamburg.de<\/p>\n<p>&nbsp;<\/p>\n<p><strong>Schulleitung:<\/strong> Frau Petra B\u00e4umer<br \/>\n<strong>Diensteanbieter<\/strong> der Schulhomepage: Hamburger Bildungsserver<\/p>\n<p><strong>Webmaster \/ Webmasterin<\/strong><br \/>\nPetra B\u00e4umer<\/p>\n<p><strong>Rechtliche Hinweise<\/strong><br \/>\nDas Layout der Homepage, die verwendeten Grafiken sowie Beitr\u00e4ge und Bilder sind urheberrechtlich gesch\u00fctzt. Die Seiten d\u00fcrfen ausschlie\u00dflich zum privaten Gebrauch ohne jegliche \u00c4nderung vervielf\u00e4ltigt werden. Eine Verbreitung von Kopien oder Ausz\u00fcgen ist nur mit schriftlicher Genehmigung zul\u00e4ssig.<\/p>\n<p><strong>Haftungsausschluss<\/strong><br \/>\nDie Informationen, die Sie auf diesem Internetauftritt vorfinden, wurden nach bestem Wissen und Gewissen sorgf\u00e4ltig zusammengestellt und gepr\u00fcft. Es wird jedoch keine Gew\u00e4hr &#8211; weder ausdr\u00fccklich noch stillschweigend &#8211; f\u00fcr die Vollst\u00e4ndigkeit, Richtigkeit, Aktualit\u00e4t oder Qualit\u00e4t und jederzeitige Verf\u00fcgbarkeit der bereit gestellten Informationen \u00fcbernommen. In keinem Fall wird f\u00fcr Sch\u00e4den, die sich aus der Verwendung der abgerufenen Informationen ergeben, eine Haftung \u00fcbernommen.<\/p>\n<p><strong>Internetseiten dritter Anbieter \/ Links<\/strong><br \/>\nDiese Internetseite enth\u00e4lt auch Links oder Verweise auf Internetauftritte Dritter. Diese Links zu den Internetauftritten Dritter stellen keine Zustimmung zu deren Inhalten durch den Herausgeber dar. Es wird keine Verantwortung f\u00fcr die Verf\u00fcgbarkeit oder den Inhalt solcher Internetauftritte \u00fcbernommen und keine Haftung f\u00fcr Sch\u00e4den oder Verletzungen, die aus der Nutzung &#8211; gleich welcher Art &#8211; solcher Inhalte entstehen. Mit den Links zu anderen Internetauftritten wird den Nutzern lediglich der Zugang zur Nutzung der Inhalte vermittelt. F\u00fcr illegale, fehlerhafte oder unvollst\u00e4ndige Inhalte und f\u00fcr Sch\u00e4den, die aus der Nutzung entstehen, haftet allein der Anbieter der Seite, auf welche verwiesen wurde.<\/p>\n","protected":false},"excerpt":{"rendered":"<p>Schule am Eichtalpark Vor- und Grundschule Waldd\u00f6rferstra\u00dfe 243 22047 Hamburg Tel. 040 \/ 428 86 39 0 Fax 040 \/ 428 86 39 22 email: schule-am-eichtalpark@bsb.hamburg.de &nbsp; Schulleitung: Frau Petra B\u00e4umer Diensteanbieter der Schulhomepage: Hamburger Bildungsserver Webmaster \/ Webmasterin Petra B\u00e4umer Rechtliche Hinweise Das Layout der Homepage, die verwendeten Grafiken sowie Beitr\u00e4ge und Bilder sind &hellip; <a href=\"https:\/\/schule-am-eichtalpark.hamburg.de\/?page_id=22\" class=\"more-link\"><span class=\"screen-reader-text\">Impressum<\/span> weiterlesen<\/a><\/p>\n","protected":false},"author":957,"featured_media":0,"parent":0,"menu_order":0,"comment_status":"closed","ping_status":"closed","template":"","meta":{"_acf_changed":false,"footnotes":""},"class_list":["post-22","page","type-page","status-publish","hentry"],"acf":[],"_links":{"self":[{"href":"https:\/\/schule-am-eichtalpark.hamburg.de\/index.php?rest_route=\/wp\/v2\/pages\/22","targetHints":{"allow":["GET"]}}],"collection":[{"href":"https:\/\/schule-am-eichtalpark.hamburg.de\/index.php?rest_route=\/wp\/v2\/pages"}],"about":[{"href":"https:\/\/schule-am-eichtalpark.hamburg.de\/index.php?rest_route=\/wp\/v2\/types\/page"}],"author":[{"embeddable":true,"href":"https:\/\/schule-am-eichtalpark.hamburg.de\/index.php?rest_route=\/wp\/v2\/users\/957"}],"replies":[{"embeddable":true,"href":"https:\/\/schule-am-eichtalpark.hamburg.de\/index.php?rest_route=%2Fwp%2Fv2%2Fcomments&post=22"}],"version-history":[{"count":1,"href":"https:\/\/schule-am-eichtalpark.hamburg.de\/index.php?rest_route=\/wp\/v2\/pages\/22\/revisions"}],"predecessor-version":[{"id":1765,"href":"https:\/\/schule-am-eichtalpark.hamburg.de\/index.php?rest_route=\/wp\/v2\/pages\/22\/revisions\/1765"}],"wp:attachment":[{"href":"https:\/\/schule-am-eichtalpark.hamburg.de\/index.php?rest_route=%2Fwp%2Fv2%2Fmedia&parent=22"}],"curies":[{"name":"wp","href":"https:\/\/api.w.org\/{rel}","templated":true}]}}