{"id":165,"date":"2015-06-17T23:07:05","date_gmt":"2015-06-17T21:07:05","guid":{"rendered":"http:\/\/schule-am-eichtalpark.schulhomepages.hamburg.de\/?page_id=165"},"modified":"2025-06-19T15:10:47","modified_gmt":"2025-06-19T13:10:47","slug":"ags-am-nachmittag","status":"publish","type":"page","link":"https:\/\/schule-am-eichtalpark.hamburg.de\/?page_id=165","title":{"rendered":"Angebote am Nachmittag"},"content":{"rendered":"<h5><a href=\"https:\/\/schule-am-eichtalpark.hamburg.de\/wp-content\/uploads\/sites\/171\/2023\/07\/Fotolia_48966192_L.jpg\" data-rel=\"lightbox\" data-rl_title=\"\" data-rl_caption=\"\" title=\"\"><img loading=\"lazy\" decoding=\"async\" class=\" wp-image-2452 aligncenter\" src=\"https:\/\/schule-am-eichtalpark.hamburg.de\/wp-content\/uploads\/sites\/171\/2023\/07\/Fotolia_48966192_L-300x118.jpg\" alt=\"\" width=\"442\" height=\"174\" srcset=\"https:\/\/schule-am-eichtalpark.hamburg.de\/wp-content\/uploads\/sites\/171\/2023\/07\/Fotolia_48966192_L-300x118.jpg 300w, https:\/\/schule-am-eichtalpark.hamburg.de\/wp-content\/uploads\/sites\/171\/2023\/07\/Fotolia_48966192_L-1024x402.jpg 1024w, https:\/\/schule-am-eichtalpark.hamburg.de\/wp-content\/uploads\/sites\/171\/2023\/07\/Fotolia_48966192_L-768x302.jpg 768w, https:\/\/schule-am-eichtalpark.hamburg.de\/wp-content\/uploads\/sites\/171\/2023\/07\/Fotolia_48966192_L.jpg 1400w\" sizes=\"auto, (max-width: 442px) 100vw, 442px\" \/><\/a><\/h5>\n<p>&nbsp;<\/p>\n<p style=\"text-align: center\">In der Zeit von 13:00 bis 16:00 Uhr finden t\u00e4glich offene Angebote f\u00fcr die Kinder von der Vorschulklasse bis 4. Klasse statt.<\/p>\n<p style=\"text-align: center\">Grundlage unserer Arbeit ist das offene Werkstattkonzept. So werden f\u00fcr die Nachmittagsbetreuung die zur Verf\u00fcgung gestellten R\u00e4ume funktionsbezogen genutzt und bieten im Sinne der offenen Werkstattarbeit spannende Themen sowie anregende Materialien bereit. Die Sch\u00fcler:innen d\u00fcrfen sich w\u00e4hrend des Nachmittags frei bewegen und frei entscheiden, wie sie den Nachmittag verbringen m\u00f6chten. Absprachen und Regeln, die mit den Sch\u00fcler:innen erarbeitet und besprochen werden, bieten Struktur und einen sicheren Rahmen in der offen gestalteten Nachmittagsbetreuung.<\/p>\n<p style=\"text-align: center\">Hier ein Beispiel unseres Planes, welchen wir t\u00e4glich in unserer Dienstbesprechung festlegen:<\/p>\n<p><a href=\"https:\/\/schule-am-eichtalpark.hamburg.de\/wp-content\/uploads\/sites\/171\/2025\/06\/66163.jpg\" data-rel=\"lightbox\" data-rl_title=\"\" data-rl_caption=\"\" title=\"\"><img loading=\"lazy\" decoding=\"async\" class=\"alignnone size-large wp-image-3135 aligncenter\" src=\"https:\/\/schule-am-eichtalpark.hamburg.de\/wp-content\/uploads\/sites\/171\/2025\/06\/66163-1024x860.jpg\" alt=\"\" width=\"660\" height=\"554\" srcset=\"https:\/\/schule-am-eichtalpark.hamburg.de\/wp-content\/uploads\/sites\/171\/2025\/06\/66163-1024x860.jpg 1024w, https:\/\/schule-am-eichtalpark.hamburg.de\/wp-content\/uploads\/sites\/171\/2025\/06\/66163-300x252.jpg 300w, https:\/\/schule-am-eichtalpark.hamburg.de\/wp-content\/uploads\/sites\/171\/2025\/06\/66163-768x645.jpg 768w, https:\/\/schule-am-eichtalpark.hamburg.de\/wp-content\/uploads\/sites\/171\/2025\/06\/66163.jpg 1096w\" sizes=\"auto, (max-width: 660px) 100vw, 660px\" \/><\/a><\/p>\n<p style=\"text-align: center\">In der Nachmittagsbetreuung werden alle Bed\u00fcrfnissen der Sch\u00fcler:innen nach Spiel, Bewegung und R\u00fcckzug ber\u00fccksichtigt. Im Folgenden unsere Werkstattr\u00e4ume:<\/p>\n<p style=\"text-align: center\"><a href=\"https:\/\/schule-am-eichtalpark.hamburg.de\/wp-content\/uploads\/sites\/171\/2025\/03\/IMG_1836.jpg\" data-rel=\"lightbox\" data-rl_title=\"\" data-rl_caption=\"\" title=\"\"><img loading=\"lazy\" decoding=\"async\" class=\"aligncenter wp-image-2975 \" src=\"https:\/\/schule-am-eichtalpark.hamburg.de\/wp-content\/uploads\/sites\/171\/2025\/03\/IMG_1836-822x1024.jpg\" alt=\"\" width=\"520\" height=\"648\" srcset=\"https:\/\/schule-am-eichtalpark.hamburg.de\/wp-content\/uploads\/sites\/171\/2025\/03\/IMG_1836-822x1024.jpg 822w, https:\/\/schule-am-eichtalpark.hamburg.de\/wp-content\/uploads\/sites\/171\/2025\/03\/IMG_1836-241x300.jpg 241w, https:\/\/schule-am-eichtalpark.hamburg.de\/wp-content\/uploads\/sites\/171\/2025\/03\/IMG_1836-768x957.jpg 768w, https:\/\/schule-am-eichtalpark.hamburg.de\/wp-content\/uploads\/sites\/171\/2025\/03\/IMG_1836-1233x1536.jpg 1233w, https:\/\/schule-am-eichtalpark.hamburg.de\/wp-content\/uploads\/sites\/171\/2025\/03\/IMG_1836.jpg 1511w\" sizes=\"auto, (max-width: 520px) 100vw, 520px\" \/><\/a><\/p>\n<p style=\"text-align: center\"><a href=\"https:\/\/schule-am-eichtalpark.hamburg.de\/wp-content\/uploads\/sites\/171\/2025\/03\/IMG_1832.jpg\" data-rel=\"lightbox\" data-rl_title=\"\" data-rl_caption=\"\" title=\"\"><img loading=\"lazy\" decoding=\"async\" class=\"aligncenter wp-image-2985 \" src=\"https:\/\/schule-am-eichtalpark.hamburg.de\/wp-content\/uploads\/sites\/171\/2025\/03\/IMG_1832-827x1024.jpg\" alt=\"\" width=\"515\" height=\"638\" srcset=\"https:\/\/schule-am-eichtalpark.hamburg.de\/wp-content\/uploads\/sites\/171\/2025\/03\/IMG_1832-827x1024.jpg 827w, https:\/\/schule-am-eichtalpark.hamburg.de\/wp-content\/uploads\/sites\/171\/2025\/03\/IMG_1832-242x300.jpg 242w, https:\/\/schule-am-eichtalpark.hamburg.de\/wp-content\/uploads\/sites\/171\/2025\/03\/IMG_1832-768x951.jpg 768w, https:\/\/schule-am-eichtalpark.hamburg.de\/wp-content\/uploads\/sites\/171\/2025\/03\/IMG_1832-1240x1536.jpg 1240w, https:\/\/schule-am-eichtalpark.hamburg.de\/wp-content\/uploads\/sites\/171\/2025\/03\/IMG_1832.jpg 1512w\" sizes=\"auto, (max-width: 515px) 100vw, 515px\" \/><\/a><\/p>\n<p style=\"text-align: center\"><a href=\"https:\/\/schule-am-eichtalpark.hamburg.de\/wp-content\/uploads\/sites\/171\/2025\/03\/IMG_1831.jpg\" data-rel=\"lightbox\" data-rl_title=\"\" data-rl_caption=\"\" title=\"\"><img loading=\"lazy\" decoding=\"async\" class=\"aligncenter wp-image-2984 \" src=\"https:\/\/schule-am-eichtalpark.hamburg.de\/wp-content\/uploads\/sites\/171\/2025\/03\/IMG_1831-821x1024.jpg\" alt=\"\" width=\"520\" height=\"648\" srcset=\"https:\/\/schule-am-eichtalpark.hamburg.de\/wp-content\/uploads\/sites\/171\/2025\/03\/IMG_1831-821x1024.jpg 821w, https:\/\/schule-am-eichtalpark.hamburg.de\/wp-content\/uploads\/sites\/171\/2025\/03\/IMG_1831-241x300.jpg 241w, https:\/\/schule-am-eichtalpark.hamburg.de\/wp-content\/uploads\/sites\/171\/2025\/03\/IMG_1831-768x958.jpg 768w, https:\/\/schule-am-eichtalpark.hamburg.de\/wp-content\/uploads\/sites\/171\/2025\/03\/IMG_1831-1232x1536.jpg 1232w, https:\/\/schule-am-eichtalpark.hamburg.de\/wp-content\/uploads\/sites\/171\/2025\/03\/IMG_1831.jpg 1511w\" sizes=\"auto, (max-width: 520px) 100vw, 520px\" \/><\/a><\/p>\n<p style=\"text-align: center\"><a href=\"https:\/\/schule-am-eichtalpark.hamburg.de\/wp-content\/uploads\/sites\/171\/2025\/03\/IMG_1830.jpg\" data-rel=\"lightbox\" data-rl_title=\"\" data-rl_caption=\"\" title=\"\"><img loading=\"lazy\" decoding=\"async\" class=\"aligncenter wp-image-2981 \" src=\"https:\/\/schule-am-eichtalpark.hamburg.de\/wp-content\/uploads\/sites\/171\/2025\/03\/IMG_1830-825x1024.jpg\" alt=\"\" width=\"517\" height=\"642\" srcset=\"https:\/\/schule-am-eichtalpark.hamburg.de\/wp-content\/uploads\/sites\/171\/2025\/03\/IMG_1830-825x1024.jpg 825w, https:\/\/schule-am-eichtalpark.hamburg.de\/wp-content\/uploads\/sites\/171\/2025\/03\/IMG_1830-242x300.jpg 242w, https:\/\/schule-am-eichtalpark.hamburg.de\/wp-content\/uploads\/sites\/171\/2025\/03\/IMG_1830-768x954.jpg 768w, https:\/\/schule-am-eichtalpark.hamburg.de\/wp-content\/uploads\/sites\/171\/2025\/03\/IMG_1830-1237x1536.jpg 1237w, https:\/\/schule-am-eichtalpark.hamburg.de\/wp-content\/uploads\/sites\/171\/2025\/03\/IMG_1830.jpg 1513w\" sizes=\"auto, (max-width: 517px) 100vw, 517px\" \/><\/a><\/p>\n<p style=\"text-align: center\"><a href=\"https:\/\/schule-am-eichtalpark.hamburg.de\/wp-content\/uploads\/sites\/171\/2025\/03\/IMG_1833.jpg\" data-rel=\"lightbox\" data-rl_title=\"\" data-rl_caption=\"\" title=\"\"><img loading=\"lazy\" decoding=\"async\" class=\"aligncenter wp-image-2978 \" src=\"https:\/\/schule-am-eichtalpark.hamburg.de\/wp-content\/uploads\/sites\/171\/2025\/03\/IMG_1833-814x1024.jpg\" alt=\"\" width=\"519\" height=\"653\" srcset=\"https:\/\/schule-am-eichtalpark.hamburg.de\/wp-content\/uploads\/sites\/171\/2025\/03\/IMG_1833-814x1024.jpg 814w, https:\/\/schule-am-eichtalpark.hamburg.de\/wp-content\/uploads\/sites\/171\/2025\/03\/IMG_1833-239x300.jpg 239w, https:\/\/schule-am-eichtalpark.hamburg.de\/wp-content\/uploads\/sites\/171\/2025\/03\/IMG_1833-768x966.jpg 768w, https:\/\/schule-am-eichtalpark.hamburg.de\/wp-content\/uploads\/sites\/171\/2025\/03\/IMG_1833-1221x1536.jpg 1221w, https:\/\/schule-am-eichtalpark.hamburg.de\/wp-content\/uploads\/sites\/171\/2025\/03\/IMG_1833.jpg 1503w\" sizes=\"auto, (max-width: 519px) 100vw, 519px\" \/><\/a><\/p>\n<p style=\"text-align: center\"><a href=\"https:\/\/schule-am-eichtalpark.hamburg.de\/wp-content\/uploads\/sites\/171\/2025\/03\/IMG_1828.jpg\" data-rel=\"lightbox\" data-rl_title=\"\" data-rl_caption=\"\" title=\"\"><img loading=\"lazy\" decoding=\"async\" class=\"aligncenter wp-image-2976 \" src=\"https:\/\/schule-am-eichtalpark.hamburg.de\/wp-content\/uploads\/sites\/171\/2025\/03\/IMG_1828-816x1024.jpg\" alt=\"\" width=\"520\" height=\"652\" srcset=\"https:\/\/schule-am-eichtalpark.hamburg.de\/wp-content\/uploads\/sites\/171\/2025\/03\/IMG_1828-816x1024.jpg 816w, https:\/\/schule-am-eichtalpark.hamburg.de\/wp-content\/uploads\/sites\/171\/2025\/03\/IMG_1828-239x300.jpg 239w, https:\/\/schule-am-eichtalpark.hamburg.de\/wp-content\/uploads\/sites\/171\/2025\/03\/IMG_1828-768x963.jpg 768w, https:\/\/schule-am-eichtalpark.hamburg.de\/wp-content\/uploads\/sites\/171\/2025\/03\/IMG_1828-1225x1536.jpg 1225w, https:\/\/schule-am-eichtalpark.hamburg.de\/wp-content\/uploads\/sites\/171\/2025\/03\/IMG_1828.jpg 1499w\" sizes=\"auto, (max-width: 520px) 100vw, 520px\" \/><\/a><\/p>\n<p><a href=\"https:\/\/schule-am-eichtalpark.hamburg.de\/wp-content\/uploads\/sites\/171\/2025\/03\/IMG_1827.jpg\" data-rel=\"lightbox\" data-rl_title=\"\" data-rl_caption=\"\" title=\"\"><img loading=\"lazy\" decoding=\"async\" class=\"aligncenter wp-image-2977 \" src=\"https:\/\/schule-am-eichtalpark.hamburg.de\/wp-content\/uploads\/sites\/171\/2025\/03\/IMG_1827-820x1024.jpg\" alt=\"\" width=\"520\" height=\"649\" srcset=\"https:\/\/schule-am-eichtalpark.hamburg.de\/wp-content\/uploads\/sites\/171\/2025\/03\/IMG_1827-820x1024.jpg 820w, https:\/\/schule-am-eichtalpark.hamburg.de\/wp-content\/uploads\/sites\/171\/2025\/03\/IMG_1827-240x300.jpg 240w, https:\/\/schule-am-eichtalpark.hamburg.de\/wp-content\/uploads\/sites\/171\/2025\/03\/IMG_1827-768x959.jpg 768w, https:\/\/schule-am-eichtalpark.hamburg.de\/wp-content\/uploads\/sites\/171\/2025\/03\/IMG_1827-1230x1536.jpg 1230w, https:\/\/schule-am-eichtalpark.hamburg.de\/wp-content\/uploads\/sites\/171\/2025\/03\/IMG_1827.jpg 1512w\" sizes=\"auto, (max-width: 520px) 100vw, 520px\" \/><\/a><\/p>\n<p style=\"text-align: center\"><img loading=\"lazy\" decoding=\"async\" class=\"aligncenter wp-image-2983 \" src=\"https:\/\/schule-am-eichtalpark.hamburg.de\/wp-content\/uploads\/sites\/171\/2025\/03\/IMG_1837-828x1024.jpg\" alt=\"\" width=\"520\" height=\"643\" srcset=\"https:\/\/schule-am-eichtalpark.hamburg.de\/wp-content\/uploads\/sites\/171\/2025\/03\/IMG_1837-828x1024.jpg 828w, https:\/\/schule-am-eichtalpark.hamburg.de\/wp-content\/uploads\/sites\/171\/2025\/03\/IMG_1837-243x300.jpg 243w, https:\/\/schule-am-eichtalpark.hamburg.de\/wp-content\/uploads\/sites\/171\/2025\/03\/IMG_1837-768x950.jpg 768w, https:\/\/schule-am-eichtalpark.hamburg.de\/wp-content\/uploads\/sites\/171\/2025\/03\/IMG_1837-1242x1536.jpg 1242w, https:\/\/schule-am-eichtalpark.hamburg.de\/wp-content\/uploads\/sites\/171\/2025\/03\/IMG_1837.jpg 1512w\" sizes=\"auto, (max-width: 520px) 100vw, 520px\" \/><\/p>\n<p style=\"text-align: center\"><a href=\"https:\/\/schule-am-eichtalpark.hamburg.de\/wp-content\/uploads\/sites\/171\/2025\/03\/IMG_1835.jpg\" data-rel=\"lightbox\" data-rl_title=\"\" data-rl_caption=\"\" title=\"\">\\<br \/>\n<img loading=\"lazy\" decoding=\"async\" class=\"aligncenter wp-image-2982 \" src=\"https:\/\/schule-am-eichtalpark.hamburg.de\/wp-content\/uploads\/sites\/171\/2025\/03\/IMG_1835-827x1024.jpg\" alt=\"\" width=\"520\" height=\"644\" srcset=\"https:\/\/schule-am-eichtalpark.hamburg.de\/wp-content\/uploads\/sites\/171\/2025\/03\/IMG_1835-827x1024.jpg 827w, https:\/\/schule-am-eichtalpark.hamburg.de\/wp-content\/uploads\/sites\/171\/2025\/03\/IMG_1835-242x300.jpg 242w, https:\/\/schule-am-eichtalpark.hamburg.de\/wp-content\/uploads\/sites\/171\/2025\/03\/IMG_1835-768x952.jpg 768w, https:\/\/schule-am-eichtalpark.hamburg.de\/wp-content\/uploads\/sites\/171\/2025\/03\/IMG_1835-1240x1536.jpg 1240w, https:\/\/schule-am-eichtalpark.hamburg.de\/wp-content\/uploads\/sites\/171\/2025\/03\/IMG_1835.jpg 1515w\" sizes=\"auto, (max-width: 520px) 100vw, 520px\" \/><\/a><a href=\"https:\/\/schule-am-eichtalpark.hamburg.de\/wp-content\/uploads\/sites\/171\/2025\/03\/IMG_1829.jpg\" data-rel=\"lightbox\" data-rl_title=\"\" data-rl_caption=\"\" title=\"\"><img loading=\"lazy\" decoding=\"async\" class=\"aligncenter wp-image-2979 \" src=\"https:\/\/schule-am-eichtalpark.hamburg.de\/wp-content\/uploads\/sites\/171\/2025\/03\/IMG_1829-827x1024.jpg\" alt=\"\" width=\"520\" height=\"644\" srcset=\"https:\/\/schule-am-eichtalpark.hamburg.de\/wp-content\/uploads\/sites\/171\/2025\/03\/IMG_1829-827x1024.jpg 827w, https:\/\/schule-am-eichtalpark.hamburg.de\/wp-content\/uploads\/sites\/171\/2025\/03\/IMG_1829-242x300.jpg 242w, https:\/\/schule-am-eichtalpark.hamburg.de\/wp-content\/uploads\/sites\/171\/2025\/03\/IMG_1829-768x951.jpg 768w, https:\/\/schule-am-eichtalpark.hamburg.de\/wp-content\/uploads\/sites\/171\/2025\/03\/IMG_1829-1241x1536.jpg 1241w, https:\/\/schule-am-eichtalpark.hamburg.de\/wp-content\/uploads\/sites\/171\/2025\/03\/IMG_1829.jpg 1517w\" sizes=\"auto, (max-width: 520px) 100vw, 520px\" \/><\/a><a href=\"https:\/\/schule-am-eichtalpark.hamburg.de\/wp-content\/uploads\/sites\/171\/2025\/03\/IMG_1834.jpg\" data-rel=\"lightbox\" data-rl_title=\"\" data-rl_caption=\"\" title=\"\"><img loading=\"lazy\" decoding=\"async\" class=\"aligncenter wp-image-2980 \" src=\"https:\/\/schule-am-eichtalpark.hamburg.de\/wp-content\/uploads\/sites\/171\/2025\/03\/IMG_1834-829x1024.jpg\" alt=\"\" width=\"520\" height=\"642\" srcset=\"https:\/\/schule-am-eichtalpark.hamburg.de\/wp-content\/uploads\/sites\/171\/2025\/03\/IMG_1834-829x1024.jpg 829w, https:\/\/schule-am-eichtalpark.hamburg.de\/wp-content\/uploads\/sites\/171\/2025\/03\/IMG_1834-243x300.jpg 243w, https:\/\/schule-am-eichtalpark.hamburg.de\/wp-content\/uploads\/sites\/171\/2025\/03\/IMG_1834-768x949.jpg 768w, https:\/\/schule-am-eichtalpark.hamburg.de\/wp-content\/uploads\/sites\/171\/2025\/03\/IMG_1834-1243x1536.jpg 1243w, https:\/\/schule-am-eichtalpark.hamburg.de\/wp-content\/uploads\/sites\/171\/2025\/03\/IMG_1834.jpg 1521w\" sizes=\"auto, (max-width: 520px) 100vw, 520px\" \/><\/a><a href=\"https:\/\/schule-am-eichtalpark.hamburg.de\/wp-content\/uploads\/sites\/171\/2025\/04\/IMG_1981.jpeg\" data-rel=\"lightbox\" data-rl_title=\"\" data-rl_caption=\"\" title=\"\"><img loading=\"lazy\" decoding=\"async\" class=\"aligncenter wp-image-3045\" src=\"https:\/\/schule-am-eichtalpark.hamburg.de\/wp-content\/uploads\/sites\/171\/2025\/04\/IMG_1981-818x1024.jpeg\" alt=\"\" width=\"520\" height=\"651\" srcset=\"https:\/\/schule-am-eichtalpark.hamburg.de\/wp-content\/uploads\/sites\/171\/2025\/04\/IMG_1981-818x1024.jpeg 818w, https:\/\/schule-am-eichtalpark.hamburg.de\/wp-content\/uploads\/sites\/171\/2025\/04\/IMG_1981-240x300.jpeg 240w, https:\/\/schule-am-eichtalpark.hamburg.de\/wp-content\/uploads\/sites\/171\/2025\/04\/IMG_1981-768x961.jpeg 768w, https:\/\/schule-am-eichtalpark.hamburg.de\/wp-content\/uploads\/sites\/171\/2025\/04\/IMG_1981-1227x1536.jpeg 1227w, https:\/\/schule-am-eichtalpark.hamburg.de\/wp-content\/uploads\/sites\/171\/2025\/04\/IMG_1981.jpeg 1503w\" sizes=\"auto, (max-width: 520px) 100vw, 520px\" \/><\/a><\/p>\n","protected":false},"excerpt":{"rendered":"<p>&nbsp; In der Zeit von 13:00 bis 16:00 Uhr finden t\u00e4glich offene Angebote f\u00fcr die Kinder von der Vorschulklasse bis 4. Klasse statt. Grundlage unserer Arbeit ist das offene Werkstattkonzept. So werden f\u00fcr die Nachmittagsbetreuung die zur Verf\u00fcgung gestellten R\u00e4ume funktionsbezogen genutzt und bieten im Sinne der offenen Werkstattarbeit spannende Themen sowie anregende Materialien bereit. &hellip; <a href=\"https:\/\/schule-am-eichtalpark.hamburg.de\/?page_id=165\" class=\"more-link\"><span class=\"screen-reader-text\">Angebote am Nachmittag<\/span> weiterlesen<\/a><\/p>\n","protected":false},"author":957,"featured_media":0,"parent":96,"menu_order":4,"comment_status":"closed","ping_status":"closed","template":"","meta":{"_acf_changed":false,"footnotes":""},"class_list":["post-165","page","type-page","status-publish","hentry"],"acf":[],"_links":{"self":[{"href":"https:\/\/schule-am-eichtalpark.hamburg.de\/index.php?rest_route=\/wp\/v2\/pages\/165","targetHints":{"allow":["GET"]}}],"collection":[{"href":"https:\/\/schule-am-eichtalpark.hamburg.de\/index.php?rest_route=\/wp\/v2\/pages"}],"about":[{"href":"https:\/\/schule-am-eichtalpark.hamburg.de\/index.php?rest_route=\/wp\/v2\/types\/page"}],"author":[{"embeddable":true,"href":"https:\/\/schule-am-eichtalpark.hamburg.de\/index.php?rest_route=\/wp\/v2\/users\/957"}],"replies":[{"embeddable":true,"href":"https:\/\/schule-am-eichtalpark.hamburg.de\/index.php?rest_route=%2Fwp%2Fv2%2Fcomments&post=165"}],"version-history":[{"count":27,"href":"https:\/\/schule-am-eichtalpark.hamburg.de\/index.php?rest_route=\/wp\/v2\/pages\/165\/revisions"}],"predecessor-version":[{"id":3137,"href":"https:\/\/schule-am-eichtalpark.hamburg.de\/index.php?rest_route=\/wp\/v2\/pages\/165\/revisions\/3137"}],"up":[{"embeddable":true,"href":"https:\/\/schule-am-eichtalpark.hamburg.de\/index.php?rest_route=\/wp\/v2\/pages\/96"}],"wp:attachment":[{"href":"https:\/\/schule-am-eichtalpark.hamburg.de\/index.php?rest_route=%2Fwp%2Fv2%2Fmedia&parent=165"}],"curies":[{"name":"wp","href":"https:\/\/api.w.org\/{rel}","templated":true}]}}