{"id":162,"date":"2015-06-17T22:51:21","date_gmt":"2015-06-17T20:51:21","guid":{"rendered":"http:\/\/schule-am-eichtalpark.schulhomepages.hamburg.de\/?page_id=162"},"modified":"2023-01-16T21:26:58","modified_gmt":"2023-01-16T20:26:58","slug":"foerderung","status":"publish","type":"page","link":"https:\/\/schule-am-eichtalpark.hamburg.de\/?page_id=162","title":{"rendered":"F\u00f6rderung"},"content":{"rendered":"<p>In unserer Schule gibt es verschiedene F\u00f6rderangebote. Zum einen gibt es F\u00f6rderung, die w\u00e4hrend des Unterrichts am Vormittag stattfindet. Dabei werden klassen\u00fcbergreifend Kleingruppen gebildet und entsprechend des Bedarfs gezielt gef\u00f6rdert.<\/p>\n<p>Eine weitere F\u00f6rderschiene liegt im Nachmittagsbereich. Von 13.30 Uhr bis 14.30 Uhr findet die Sprach- und Lernf\u00f6rderung von der Vorschule bis zur Klasse 4 statt. F\u00f6rderlehrer f\u00fchren in Kleingruppen dieses Angebot durch.<\/p>\n","protected":false},"excerpt":{"rendered":"<p>In unserer Schule gibt es verschiedene F\u00f6rderangebote. Zum einen gibt es F\u00f6rderung, die w\u00e4hrend des Unterrichts am Vormittag stattfindet. Dabei werden klassen\u00fcbergreifend Kleingruppen gebildet und entsprechend des Bedarfs gezielt gef\u00f6rdert. Eine weitere F\u00f6rderschiene liegt im Nachmittagsbereich. Von 13.30 Uhr bis 14.30 Uhr findet die Sprach- und Lernf\u00f6rderung von der Vorschule bis zur Klasse 4 statt. &hellip; <a href=\"https:\/\/schule-am-eichtalpark.hamburg.de\/?page_id=162\" class=\"more-link\"><span class=\"screen-reader-text\">F\u00f6rderung<\/span> weiterlesen<\/a><\/p>\n","protected":false},"author":1497,"featured_media":0,"parent":96,"menu_order":3,"comment_status":"closed","ping_status":"closed","template":"","meta":{"_acf_changed":false,"footnotes":""},"class_list":["post-162","page","type-page","status-publish","hentry"],"acf":[],"_links":{"self":[{"href":"https:\/\/schule-am-eichtalpark.hamburg.de\/index.php?rest_route=\/wp\/v2\/pages\/162","targetHints":{"allow":["GET"]}}],"collection":[{"href":"https:\/\/schule-am-eichtalpark.hamburg.de\/index.php?rest_route=\/wp\/v2\/pages"}],"about":[{"href":"https:\/\/schule-am-eichtalpark.hamburg.de\/index.php?rest_route=\/wp\/v2\/types\/page"}],"author":[{"embeddable":true,"href":"https:\/\/schule-am-eichtalpark.hamburg.de\/index.php?rest_route=\/wp\/v2\/users\/1497"}],"replies":[{"embeddable":true,"href":"https:\/\/schule-am-eichtalpark.hamburg.de\/index.php?rest_route=%2Fwp%2Fv2%2Fcomments&post=162"}],"version-history":[{"count":2,"href":"https:\/\/schule-am-eichtalpark.hamburg.de\/index.php?rest_route=\/wp\/v2\/pages\/162\/revisions"}],"predecessor-version":[{"id":2214,"href":"https:\/\/schule-am-eichtalpark.hamburg.de\/index.php?rest_route=\/wp\/v2\/pages\/162\/revisions\/2214"}],"up":[{"embeddable":true,"href":"https:\/\/schule-am-eichtalpark.hamburg.de\/index.php?rest_route=\/wp\/v2\/pages\/96"}],"wp:attachment":[{"href":"https:\/\/schule-am-eichtalpark.hamburg.de\/index.php?rest_route=%2Fwp%2Fv2%2Fmedia&parent=162"}],"curies":[{"name":"wp","href":"https:\/\/api.w.org\/{rel}","templated":true}]}}