{"id":161,"date":"2015-06-17T22:45:45","date_gmt":"2015-06-17T20:45:45","guid":{"rendered":"http:\/\/schule-am-eichtalpark.schulhomepages.hamburg.de\/?page_id=161"},"modified":"2025-03-31T19:48:15","modified_gmt":"2025-03-31T17:48:15","slug":"hausaufgaben","status":"publish","type":"page","link":"https:\/\/schule-am-eichtalpark.hamburg.de\/?page_id=161","title":{"rendered":"Hausaufgaben"},"content":{"rendered":"<p style=\"text-align: center\"><a href=\"https:\/\/schule-am-eichtalpark.hamburg.de\/wp-content\/uploads\/sites\/171\/2025\/03\/IMG_1726.jpg\" data-rel=\"lightbox\" data-rl_title=\"\" data-rl_caption=\"\" title=\"\"><br \/>\n<img loading=\"lazy\" decoding=\"async\" class=\"size-medium wp-image-2965 aligncenter\" src=\"https:\/\/schule-am-eichtalpark.hamburg.de\/wp-content\/uploads\/sites\/171\/2025\/03\/IMG_1726-300x296.jpg\" alt=\"\" width=\"300\" height=\"296\" srcset=\"https:\/\/schule-am-eichtalpark.hamburg.de\/wp-content\/uploads\/sites\/171\/2025\/03\/IMG_1726-300x296.jpg 300w, https:\/\/schule-am-eichtalpark.hamburg.de\/wp-content\/uploads\/sites\/171\/2025\/03\/IMG_1726-1024x1012.jpg 1024w, https:\/\/schule-am-eichtalpark.hamburg.de\/wp-content\/uploads\/sites\/171\/2025\/03\/IMG_1726-768x759.jpg 768w, https:\/\/schule-am-eichtalpark.hamburg.de\/wp-content\/uploads\/sites\/171\/2025\/03\/IMG_1726.jpg 1263w\" sizes=\"auto, (max-width: 300px) 100vw, 300px\" \/><\/a><\/p>\n<p style=\"text-align: center\">Bei unserer Hausaufgabenbetreuung handelt es sich um ein offenes Angebot, welches das Kind bei Bedarf selbstverantwortlich in Anspruch nehmen kann. Es h\u00e4ngt von den Sch\u00fcler*innen ab, ob sie ihre Hausaufgaben im Ganztag oder zuhause erledigen m\u00f6chten.<\/p>\n<p style=\"text-align: center\">Das Angebot findet t\u00e4glich von 13.00 &#8211; 16.00Uhr statt. Die daf\u00fcr ausgestatteten R\u00e4ume sind nach Ruhe &amp; Einzelarbeit und iPad-Nutzung &amp; Gruppenarbeit getrennt.<\/p>\n<p style=\"text-align: center\">Die Betreuung findet durch das p\u00e4dagogische Personal vom ASB statt.<\/p>\n<p>&nbsp;<\/p>\n","protected":false},"excerpt":{"rendered":"<p>Bei unserer Hausaufgabenbetreuung handelt es sich um ein offenes Angebot, welches das Kind bei Bedarf selbstverantwortlich in Anspruch nehmen kann. Es h\u00e4ngt von den Sch\u00fcler*innen ab, ob sie ihre Hausaufgaben im Ganztag oder zuhause erledigen m\u00f6chten. Das Angebot findet t\u00e4glich von 13.00 &#8211; 16.00Uhr statt. Die daf\u00fcr ausgestatteten R\u00e4ume sind nach Ruhe &amp; Einzelarbeit und &hellip; <a href=\"https:\/\/schule-am-eichtalpark.hamburg.de\/?page_id=161\" class=\"more-link\"><span class=\"screen-reader-text\">Hausaufgaben<\/span> weiterlesen<\/a><\/p>\n","protected":false},"author":957,"featured_media":0,"parent":96,"menu_order":2,"comment_status":"closed","ping_status":"closed","template":"","meta":{"_acf_changed":false,"footnotes":""},"class_list":["post-161","page","type-page","status-publish","hentry"],"acf":[],"_links":{"self":[{"href":"https:\/\/schule-am-eichtalpark.hamburg.de\/index.php?rest_route=\/wp\/v2\/pages\/161","targetHints":{"allow":["GET"]}}],"collection":[{"href":"https:\/\/schule-am-eichtalpark.hamburg.de\/index.php?rest_route=\/wp\/v2\/pages"}],"about":[{"href":"https:\/\/schule-am-eichtalpark.hamburg.de\/index.php?rest_route=\/wp\/v2\/types\/page"}],"author":[{"embeddable":true,"href":"https:\/\/schule-am-eichtalpark.hamburg.de\/index.php?rest_route=\/wp\/v2\/users\/957"}],"replies":[{"embeddable":true,"href":"https:\/\/schule-am-eichtalpark.hamburg.de\/index.php?rest_route=%2Fwp%2Fv2%2Fcomments&post=161"}],"version-history":[{"count":15,"href":"https:\/\/schule-am-eichtalpark.hamburg.de\/index.php?rest_route=\/wp\/v2\/pages\/161\/revisions"}],"predecessor-version":[{"id":2999,"href":"https:\/\/schule-am-eichtalpark.hamburg.de\/index.php?rest_route=\/wp\/v2\/pages\/161\/revisions\/2999"}],"up":[{"embeddable":true,"href":"https:\/\/schule-am-eichtalpark.hamburg.de\/index.php?rest_route=\/wp\/v2\/pages\/96"}],"wp:attachment":[{"href":"https:\/\/schule-am-eichtalpark.hamburg.de\/index.php?rest_route=%2Fwp%2Fv2%2Fmedia&parent=161"}],"curies":[{"name":"wp","href":"https:\/\/api.w.org\/{rel}","templated":true}]}}