{"id":160,"date":"2015-06-17T22:42:01","date_gmt":"2015-06-17T20:42:01","guid":{"rendered":"http:\/\/schule-am-eichtalpark.schulhomepages.hamburg.de\/?page_id=160"},"modified":"2025-03-31T19:51:59","modified_gmt":"2025-03-31T17:51:59","slug":"mittagessen","status":"publish","type":"page","link":"https:\/\/schule-am-eichtalpark.hamburg.de\/?page_id=160","title":{"rendered":"Mittagessen"},"content":{"rendered":"<p><a href=\"https:\/\/schule-am-eichtalpark.hamburg.de\/wp-content\/uploads\/sites\/171\/2023\/07\/images.png\" data-rel=\"lightbox\" data-rl_title=\"\" data-rl_caption=\"\" title=\"\"><img loading=\"lazy\" decoding=\"async\" class=\" wp-image-2448 aligncenter\" src=\"https:\/\/schule-am-eichtalpark.hamburg.de\/wp-content\/uploads\/sites\/171\/2023\/07\/images.png\" alt=\"\" width=\"184\" height=\"153\" \/><\/a><\/p>\n<p style=\"text-align: center\">Unser Essensanbieter ist Mammas Canteen.<\/p>\n<p style=\"text-align: center\">Die Teilnahme am Mittagessen ist nach vorheriger\u00a0 Anmeldung bei unserem Caterer Mammas Canteen m\u00f6glich und kostet einen einkommensabh\u00e4ngigen Betrag zwischen 0 und 4,15 Euro pro Tag.<\/p>\n<p style=\"text-align: center\">Bei Anmeldung Ihres Kindes zum Schulessen haben Sie Logindaten bekommen, mit denen Sie sich auf <a href=\"https:\/\/mammascanteen.de\/mensamax\" target=\"_blank\" rel=\"noopener\">MensaMax<\/a> einloggen k\u00f6nnen. Dort k\u00f6nnen Sie Essen f\u00fcr Ihr Kind bestellen, abbestellen und einsehen, was sie bereits bezahlt haben. Auch die Essenspl\u00e4ne finden sie dort.<\/p>\n<p style=\"text-align: center\">Essensausgabe erfolgt mit den<a href=\"https:\/\/www.hamburg.de\/ganztagsschule\/16563444\/free-flow\/\" target=\"_blank\" rel=\"noopener\"> Free-Flow System<\/a> und findet von 13.00 bis 14.30 Uhr statt. Jeden Tag gibt es ein warmes Gericht mit einer weiteren zus\u00e4tzlichen Beilage. Zudem steht t\u00e4glich ein Salatb\u00fcffet mit wechselnden Angeboten zur Verf\u00fcgung. Vegetarisches Essen ist ebenfalls verf\u00fcgbar. Sollte ihr Kind Unvertr\u00e4glichkeiten oder Allergien (z.B. Laktose) haben, k\u00f6nnen diese im System vermerkt und bei der Essenszubereitung ber\u00fccksichtigt werden.<\/p>\n<p><a href=\"https:\/\/schule-am-eichtalpark.hamburg.de\/wp-content\/uploads\/sites\/171\/2023\/11\/ASB_Schulkooperation_Eichtalpark_083.jpg\" data-rel=\"lightbox\" data-rl_title=\"\" data-rl_caption=\"\" title=\"\"><img loading=\"lazy\" decoding=\"async\" class=\"wp-image-2624 aligncenter\" src=\"https:\/\/schule-am-eichtalpark.hamburg.de\/wp-content\/uploads\/sites\/171\/2023\/11\/ASB_Schulkooperation_Eichtalpark_083.jpg\" alt=\"\" width=\"518\" height=\"345\" srcset=\"https:\/\/schule-am-eichtalpark.hamburg.de\/wp-content\/uploads\/sites\/171\/2023\/11\/ASB_Schulkooperation_Eichtalpark_083.jpg 2362w, https:\/\/schule-am-eichtalpark.hamburg.de\/wp-content\/uploads\/sites\/171\/2023\/11\/ASB_Schulkooperation_Eichtalpark_083-300x200.jpg 300w, https:\/\/schule-am-eichtalpark.hamburg.de\/wp-content\/uploads\/sites\/171\/2023\/11\/ASB_Schulkooperation_Eichtalpark_083-1024x683.jpg 1024w, https:\/\/schule-am-eichtalpark.hamburg.de\/wp-content\/uploads\/sites\/171\/2023\/11\/ASB_Schulkooperation_Eichtalpark_083-768x512.jpg 768w, https:\/\/schule-am-eichtalpark.hamburg.de\/wp-content\/uploads\/sites\/171\/2023\/11\/ASB_Schulkooperation_Eichtalpark_083-1536x1024.jpg 1536w, https:\/\/schule-am-eichtalpark.hamburg.de\/wp-content\/uploads\/sites\/171\/2023\/11\/ASB_Schulkooperation_Eichtalpark_083-2048x1366.jpg 2048w\" sizes=\"auto, (max-width: 518px) 100vw, 518px\" \/><\/a><\/p>\n<p><a href=\"https:\/\/schule-am-eichtalpark.hamburg.de\/wp-content\/uploads\/sites\/171\/2023\/11\/ASB_Schulkooperation_Eichtalpark_090.jpg\" data-rel=\"lightbox\" data-rl_title=\"\" data-rl_caption=\"\" title=\"\"><img loading=\"lazy\" decoding=\"async\" class=\"wp-image-2625 aligncenter\" src=\"https:\/\/schule-am-eichtalpark.hamburg.de\/wp-content\/uploads\/sites\/171\/2023\/11\/ASB_Schulkooperation_Eichtalpark_090.jpg\" alt=\"\" width=\"491\" height=\"736\" srcset=\"https:\/\/schule-am-eichtalpark.hamburg.de\/wp-content\/uploads\/sites\/171\/2023\/11\/ASB_Schulkooperation_Eichtalpark_090.jpg 1575w, https:\/\/schule-am-eichtalpark.hamburg.de\/wp-content\/uploads\/sites\/171\/2023\/11\/ASB_Schulkooperation_Eichtalpark_090-200x300.jpg 200w, https:\/\/schule-am-eichtalpark.hamburg.de\/wp-content\/uploads\/sites\/171\/2023\/11\/ASB_Schulkooperation_Eichtalpark_090-683x1024.jpg 683w, https:\/\/schule-am-eichtalpark.hamburg.de\/wp-content\/uploads\/sites\/171\/2023\/11\/ASB_Schulkooperation_Eichtalpark_090-768x1152.jpg 768w, https:\/\/schule-am-eichtalpark.hamburg.de\/wp-content\/uploads\/sites\/171\/2023\/11\/ASB_Schulkooperation_Eichtalpark_090-1024x1536.jpg 1024w, https:\/\/schule-am-eichtalpark.hamburg.de\/wp-content\/uploads\/sites\/171\/2023\/11\/ASB_Schulkooperation_Eichtalpark_090-1366x2048.jpg 1366w\" sizes=\"auto, (max-width: 491px) 100vw, 491px\" \/><\/a><\/p>\n<p><a href=\"https:\/\/schule-am-eichtalpark.hamburg.de\/wp-content\/uploads\/sites\/171\/2023\/11\/ASB_Schulkooperation_Eichtalpark_104.jpg\" data-rel=\"lightbox\" data-rl_title=\"\" data-rl_caption=\"\" title=\"\"><img loading=\"lazy\" decoding=\"async\" class=\"size-full wp-image-2626 aligncenter\" src=\"https:\/\/schule-am-eichtalpark.hamburg.de\/wp-content\/uploads\/sites\/171\/2023\/11\/ASB_Schulkooperation_Eichtalpark_104.jpg\" alt=\"\" width=\"2362\" height=\"1575\" srcset=\"https:\/\/schule-am-eichtalpark.hamburg.de\/wp-content\/uploads\/sites\/171\/2023\/11\/ASB_Schulkooperation_Eichtalpark_104.jpg 2362w, https:\/\/schule-am-eichtalpark.hamburg.de\/wp-content\/uploads\/sites\/171\/2023\/11\/ASB_Schulkooperation_Eichtalpark_104-300x200.jpg 300w, https:\/\/schule-am-eichtalpark.hamburg.de\/wp-content\/uploads\/sites\/171\/2023\/11\/ASB_Schulkooperation_Eichtalpark_104-1024x683.jpg 1024w, https:\/\/schule-am-eichtalpark.hamburg.de\/wp-content\/uploads\/sites\/171\/2023\/11\/ASB_Schulkooperation_Eichtalpark_104-768x512.jpg 768w, https:\/\/schule-am-eichtalpark.hamburg.de\/wp-content\/uploads\/sites\/171\/2023\/11\/ASB_Schulkooperation_Eichtalpark_104-1536x1024.jpg 1536w, https:\/\/schule-am-eichtalpark.hamburg.de\/wp-content\/uploads\/sites\/171\/2023\/11\/ASB_Schulkooperation_Eichtalpark_104-2048x1366.jpg 2048w\" sizes=\"auto, (max-width: 2362px) 100vw, 2362px\" \/><\/a><\/p>\n<p>&nbsp;<\/p>\n","protected":false},"excerpt":{"rendered":"<p>Unser Essensanbieter ist Mammas Canteen. Die Teilnahme am Mittagessen ist nach vorheriger\u00a0 Anmeldung bei unserem Caterer Mammas Canteen m\u00f6glich und kostet einen einkommensabh\u00e4ngigen Betrag zwischen 0 und 4,15 Euro pro Tag. Bei Anmeldung Ihres Kindes zum Schulessen haben Sie Logindaten bekommen, mit denen Sie sich auf MensaMax einloggen k\u00f6nnen. Dort k\u00f6nnen Sie Essen f\u00fcr Ihr &hellip; <a href=\"https:\/\/schule-am-eichtalpark.hamburg.de\/?page_id=160\" class=\"more-link\"><span class=\"screen-reader-text\">Mittagessen<\/span> weiterlesen<\/a><\/p>\n","protected":false},"author":957,"featured_media":0,"parent":96,"menu_order":0,"comment_status":"closed","ping_status":"closed","template":"","meta":{"_acf_changed":false,"footnotes":""},"class_list":["post-160","page","type-page","status-publish","hentry"],"acf":[],"_links":{"self":[{"href":"https:\/\/schule-am-eichtalpark.hamburg.de\/index.php?rest_route=\/wp\/v2\/pages\/160","targetHints":{"allow":["GET"]}}],"collection":[{"href":"https:\/\/schule-am-eichtalpark.hamburg.de\/index.php?rest_route=\/wp\/v2\/pages"}],"about":[{"href":"https:\/\/schule-am-eichtalpark.hamburg.de\/index.php?rest_route=\/wp\/v2\/types\/page"}],"author":[{"embeddable":true,"href":"https:\/\/schule-am-eichtalpark.hamburg.de\/index.php?rest_route=\/wp\/v2\/users\/957"}],"replies":[{"embeddable":true,"href":"https:\/\/schule-am-eichtalpark.hamburg.de\/index.php?rest_route=%2Fwp%2Fv2%2Fcomments&post=160"}],"version-history":[{"count":8,"href":"https:\/\/schule-am-eichtalpark.hamburg.de\/index.php?rest_route=\/wp\/v2\/pages\/160\/revisions"}],"predecessor-version":[{"id":3001,"href":"https:\/\/schule-am-eichtalpark.hamburg.de\/index.php?rest_route=\/wp\/v2\/pages\/160\/revisions\/3001"}],"up":[{"embeddable":true,"href":"https:\/\/schule-am-eichtalpark.hamburg.de\/index.php?rest_route=\/wp\/v2\/pages\/96"}],"wp:attachment":[{"href":"https:\/\/schule-am-eichtalpark.hamburg.de\/index.php?rest_route=%2Fwp%2Fv2%2Fmedia&parent=160"}],"curies":[{"name":"wp","href":"https:\/\/api.w.org\/{rel}","templated":true}]}}