{"id":1504,"date":"2019-01-25T09:06:38","date_gmt":"2019-01-25T08:06:38","guid":{"rendered":"https:\/\/schule-am-eichtalpark.hamburg.de\/?page_id=1504"},"modified":"2023-11-14T11:55:39","modified_gmt":"2023-11-14T10:55:39","slug":"frueh-und-spaetbetreuung","status":"publish","type":"page","link":"https:\/\/schule-am-eichtalpark.hamburg.de\/?page_id=1504","title":{"rendered":"Fr\u00fch- und Sp\u00e4tbetreuung"},"content":{"rendered":"<p>Bei Bedarf haben Sie die M\u00f6glichkeit, Ihr Kind gegen Aufpreis f\u00fcr die Fr\u00fch- und\/oder Sp\u00e4tbetreuung anzumelden. Wenden Sie sich an unser Schulb\u00fcro. Kontaktm\u00f6glichkeiten finden Sie auf der linken Seite.<\/p>\n","protected":false},"excerpt":{"rendered":"<p>Bei Bedarf haben Sie die M\u00f6glichkeit, Ihr Kind gegen Aufpreis f\u00fcr die Fr\u00fch- und\/oder Sp\u00e4tbetreuung anzumelden. Wenden Sie sich an unser Schulb\u00fcro. Kontaktm\u00f6glichkeiten finden Sie auf der linken Seite.<\/p>\n","protected":false},"author":934,"featured_media":0,"parent":0,"menu_order":0,"comment_status":"closed","ping_status":"closed","template":"","meta":{"_acf_changed":false,"footnotes":""},"class_list":["post-1504","page","type-page","status-publish","hentry"],"acf":[],"_links":{"self":[{"href":"https:\/\/schule-am-eichtalpark.hamburg.de\/index.php?rest_route=\/wp\/v2\/pages\/1504","targetHints":{"allow":["GET"]}}],"collection":[{"href":"https:\/\/schule-am-eichtalpark.hamburg.de\/index.php?rest_route=\/wp\/v2\/pages"}],"about":[{"href":"https:\/\/schule-am-eichtalpark.hamburg.de\/index.php?rest_route=\/wp\/v2\/types\/page"}],"author":[{"embeddable":true,"href":"https:\/\/schule-am-eichtalpark.hamburg.de\/index.php?rest_route=\/wp\/v2\/users\/934"}],"replies":[{"embeddable":true,"href":"https:\/\/schule-am-eichtalpark.hamburg.de\/index.php?rest_route=%2Fwp%2Fv2%2Fcomments&post=1504"}],"version-history":[{"count":1,"href":"https:\/\/schule-am-eichtalpark.hamburg.de\/index.php?rest_route=\/wp\/v2\/pages\/1504\/revisions"}],"predecessor-version":[{"id":2630,"href":"https:\/\/schule-am-eichtalpark.hamburg.de\/index.php?rest_route=\/wp\/v2\/pages\/1504\/revisions\/2630"}],"wp:attachment":[{"href":"https:\/\/schule-am-eichtalpark.hamburg.de\/index.php?rest_route=%2Fwp%2Fv2%2Fmedia&parent=1504"}],"curies":[{"name":"wp","href":"https:\/\/api.w.org\/{rel}","templated":true}]}}