{"id":12,"date":"2015-04-27T11:37:47","date_gmt":"2015-04-27T09:37:47","guid":{"rendered":"http:\/\/schule-am-eichtalpark.schulhomepages.hamburg.de\/?page_id=12"},"modified":"2023-08-06T21:53:52","modified_gmt":"2023-08-06T19:53:52","slug":"unsere-angebote","status":"publish","type":"page","link":"https:\/\/schule-am-eichtalpark.hamburg.de\/?page_id=12","title":{"rendered":"Unsere Angebote"},"content":{"rendered":"<p>F\u00fcr uns ist Schule nicht nur ein Ort zum Wissenserwerb, sondern auch ein Ort, an dem Kinder bereichert werden, ihren Erfahrungsschatz vergr\u00f6\u00dfern und sich selbst ausprobieren k\u00f6nnen. Darum bieten wir ein breites Angebot auch au\u00dferhalb des Regelunterrichts an. Dieses wollen wir hier vorstellen.<\/p>\n<p>&nbsp;<\/p>\n","protected":false},"excerpt":{"rendered":"<p>F\u00fcr uns ist Schule nicht nur ein Ort zum Wissenserwerb, sondern auch ein Ort, an dem Kinder bereichert werden, ihren Erfahrungsschatz vergr\u00f6\u00dfern und sich selbst ausprobieren k\u00f6nnen. Darum bieten wir ein breites Angebot auch au\u00dferhalb des Regelunterrichts an. Dieses wollen wir hier vorstellen. &nbsp;<\/p>\n","protected":false},"author":1497,"featured_media":0,"parent":0,"menu_order":0,"comment_status":"closed","ping_status":"closed","template":"","meta":{"_acf_changed":false,"footnotes":""},"class_list":["post-12","page","type-page","status-publish","hentry"],"acf":[],"_links":{"self":[{"href":"https:\/\/schule-am-eichtalpark.hamburg.de\/index.php?rest_route=\/wp\/v2\/pages\/12","targetHints":{"allow":["GET"]}}],"collection":[{"href":"https:\/\/schule-am-eichtalpark.hamburg.de\/index.php?rest_route=\/wp\/v2\/pages"}],"about":[{"href":"https:\/\/schule-am-eichtalpark.hamburg.de\/index.php?rest_route=\/wp\/v2\/types\/page"}],"author":[{"embeddable":true,"href":"https:\/\/schule-am-eichtalpark.hamburg.de\/index.php?rest_route=\/wp\/v2\/users\/1497"}],"replies":[{"embeddable":true,"href":"https:\/\/schule-am-eichtalpark.hamburg.de\/index.php?rest_route=%2Fwp%2Fv2%2Fcomments&post=12"}],"version-history":[{"count":2,"href":"https:\/\/schule-am-eichtalpark.hamburg.de\/index.php?rest_route=\/wp\/v2\/pages\/12\/revisions"}],"predecessor-version":[{"id":2495,"href":"https:\/\/schule-am-eichtalpark.hamburg.de\/index.php?rest_route=\/wp\/v2\/pages\/12\/revisions\/2495"}],"wp:attachment":[{"href":"https:\/\/schule-am-eichtalpark.hamburg.de\/index.php?rest_route=%2Fwp%2Fv2%2Fmedia&parent=12"}],"curies":[{"name":"wp","href":"https:\/\/api.w.org\/{rel}","templated":true}]}}