{"id":115,"date":"2015-06-17T14:34:33","date_gmt":"2015-06-17T12:34:33","guid":{"rendered":"http:\/\/schule-am-eichtalpark.schulhomepages.hamburg.de\/?page_id=115"},"modified":"2025-07-02T13:07:22","modified_gmt":"2025-07-02T11:07:22","slug":"ferienbetreuung","status":"publish","type":"page","link":"https:\/\/schule-am-eichtalpark.hamburg.de\/?page_id=115","title":{"rendered":"Ferienbetreuung"},"content":{"rendered":"<p><a href=\"https:\/\/schule-am-eichtalpark.hamburg.de\/wp-content\/uploads\/sites\/171\/2025\/04\/IMG_1998.jpeg\" data-rel=\"lightbox\" data-rl_title=\"\" data-rl_caption=\"\" title=\"\"><img loading=\"lazy\" decoding=\"async\" class=\"aligncenter wp-image-3052\" src=\"https:\/\/schule-am-eichtalpark.hamburg.de\/wp-content\/uploads\/sites\/171\/2025\/04\/IMG_1998-300x225.jpeg\" alt=\"\" width=\"420\" height=\"315\" srcset=\"https:\/\/schule-am-eichtalpark.hamburg.de\/wp-content\/uploads\/sites\/171\/2025\/04\/IMG_1998-300x225.jpeg 300w, https:\/\/schule-am-eichtalpark.hamburg.de\/wp-content\/uploads\/sites\/171\/2025\/04\/IMG_1998-1024x768.jpeg 1024w, https:\/\/schule-am-eichtalpark.hamburg.de\/wp-content\/uploads\/sites\/171\/2025\/04\/IMG_1998-768x576.jpeg 768w, https:\/\/schule-am-eichtalpark.hamburg.de\/wp-content\/uploads\/sites\/171\/2025\/04\/IMG_1998.jpeg 1266w\" sizes=\"auto, (max-width: 420px) 100vw, 420px\" \/><\/a><\/p>\n<p style=\"text-align: center\">Gemeinsam mit Ihrem Kind machen wir die Ferienzeit zu einem bunten und abwechslungsreichen Erlebnis.<\/p>\n<p style=\"text-align: center\">Innerhalb der Hamburger Schulferien und au\u00dferhalb unserer Schlie\u00dfzeiten bieten wir Ferienbetreuung an unserer Schule an, in der wir Ihr Kind herzlich willkommen hei\u00dfen. Gepr\u00e4gt durch eine offenere Tagesstruktur mit vielen wechselnden und f\u00fcr die Kinder vor Ort frei w\u00e4hlbaren Angeboten sowie vielf\u00e4ltigen Ausflugsideen erleben wir mit den Kindern unserer Schule spannende Ferientage und schaffen gemeinsame Erinnerungen.<\/p>\n<p style=\"text-align: center\">Sollte Ihr Kind erkranken, entschuldigen Sie es bitte bis 9 Uhr unter der folgenden Telefonnummer: 0152 56245483 oder per Mail an gts-eichtalpark@asb-hamburg.de (nicht im Schulb\u00fcro).<\/p>\n<p style=\"text-align: center\">Basierend auf Ihrer Anmeldung im Schulb\u00fcro bei Frau Costa Delgado am Anfang des Schuljahres geben Sie vor Beginn jede Ferienzeit bei Frau Carlucci (Leitung ASB) \u00fcber die\u00a0 Ferienbetreuungsabfrage die genauen Zeitr\u00e4ume an, in denen Ihr Kind zu uns in die Ferienbetreuung kommt.<\/p>\n<p style=\"text-align: center\"><strong>Unsere Ferienbetreuungs- sowie Schlie\u00dfzeiten<\/strong><\/p>\n<p style=\"text-align: center\"><a href=\"https:\/\/schule-am-eichtalpark.hamburg.de\/wp-content\/uploads\/sites\/171\/2025\/07\/Schliesszeiten-2025-2026.pdf\">Schlie\u00dfzeiten 2025-2026<\/a><\/p>\n<p style=\"text-align: center\">Unsere Ferienbetreuung findet von 6 \u2013 18 Uhr statt.<\/p>\n<p style=\"text-align: center\">6 \u2013 8 Uhr: Fr\u00fchbetreuung<\/p>\n<p style=\"text-align: center\">8 \u2013 16 Uhr: Kernzeit<\/p>\n<p style=\"text-align: center\">16 \u2013 18 Uhr: Sp\u00e4tbetreuung<\/p>\n<p style=\"text-align: center\">Unsere Abholzeiten in den Ferien sind um 14:30 Uhr und 16:00 Uhr sowie w\u00e4hrend des Sp\u00e4tdienstes. An Ausflugstagen kann es zu anderen Abholzeiten kommen, bitte achten Sie auf Informationen hierzu in dem Rahmenprogramm zu den jeweils anstehenden Ferien.<\/p>\n<p style=\"text-align: center\"><strong>Unser Mittagessen<\/strong><\/p>\n<p style=\"text-align: center\">Das Mittagessen in der Ferienbetreuung findet in der Mensa statt. Unser Caterer Mammas Canteen kocht frisch f\u00fcr uns und versorgt uns mit leckerem, warmen Mittagessen.<\/p>\n<p style=\"text-align: center\">Eine Abmeldung oder auch Nachbuchung des Mittagessens k\u00f6nnen Sie eigenst\u00e4ndig vornehmen. Die Essensabmeldung sowie Essensanmeldung l\u00e4uft nach der verstrichenen An-\/Abmeldefrist der Ferienbetreuung nicht mehr \u00fcber das ASB Team.<\/p>\n<p style=\"text-align: center\"><strong>Hilfreich f\u00fcr Ihr Kind vor und in der Ferienbetreuung<\/strong><\/p>\n<p style=\"text-align: center\">Ihr Kind sollte einige Dinge mit in die Ferienbetreuung bringen, um f\u00fcr alle Eventualit\u00e4ten gewappnet zu sein:<\/p>\n<p style=\"text-align: center\">\u2022 Wechselkleidung \/ Socken<\/p>\n<p style=\"text-align: center\">\u2022 Sportzeug \/ Turnschuhe<\/p>\n<p style=\"text-align: center\">\u2022 Hausschuhe<\/p>\n<p style=\"text-align: center\">\u2022 dem Wetter angemessene, ggf. warme, wasserfeste Kleidung, Sonnenschutz<\/p>\n<p style=\"text-align: center\">\u2022 t\u00e4glich gen\u00fcgend Essen und Getr\u00e4nke f\u00fcr das Fr\u00fchst\u00fcck<\/p>\n<p style=\"text-align: center\"><em>Bitte stellen Sie sicher, dass Sie innerhalb der Ferienbetreuungszeiten Ihres Kindes zu jeder Zeit \u00fcber die Telefonnummer(n) erreichbar sind, die dem Schulb\u00fcro vorliegen und wir Sie so im Notfall kontaktieren k\u00f6nnen.<\/em><\/p>\n<p style=\"text-align: center\"><strong>Sie haben Fragen zu unserer Ferienbetreuung?<\/strong><\/p>\n<p style=\"text-align: center\">Kontaktinformationen:<\/p>\n<p style=\"text-align: center\">Frau Elettra Carlucci<\/p>\n<p style=\"text-align: center\">E-Mail Adresse: gts-eichtalpark@asb-hamburg.de \/ Elettra.Carlucci@asb-hamburg.de<\/p>\n<p style=\"text-align: center\">Telefonnummer: 040 428863 920<\/p>\n<p>&nbsp;<\/p>\n<p>&nbsp;<\/p>\n<p>&nbsp;<\/p>\n<p>&nbsp;<\/p>\n<p>&nbsp;<\/p>\n<p>&nbsp;<\/p>\n","protected":false},"excerpt":{"rendered":"<p>Gemeinsam mit Ihrem Kind machen wir die Ferienzeit zu einem bunten und abwechslungsreichen Erlebnis. Innerhalb der Hamburger Schulferien und au\u00dferhalb unserer Schlie\u00dfzeiten bieten wir Ferienbetreuung an unserer Schule an, in der wir Ihr Kind herzlich willkommen hei\u00dfen. Gepr\u00e4gt durch eine offenere Tagesstruktur mit vielen wechselnden und f\u00fcr die Kinder vor Ort frei w\u00e4hlbaren Angeboten sowie &hellip; <a href=\"https:\/\/schule-am-eichtalpark.hamburg.de\/?page_id=115\" class=\"more-link\"><span class=\"screen-reader-text\">Ferienbetreuung<\/span> weiterlesen<\/a><\/p>\n","protected":false},"author":957,"featured_media":0,"parent":0,"menu_order":5,"comment_status":"closed","ping_status":"closed","template":"","meta":{"_acf_changed":false,"footnotes":""},"class_list":["post-115","page","type-page","status-publish","hentry"],"acf":[],"_links":{"self":[{"href":"https:\/\/schule-am-eichtalpark.hamburg.de\/index.php?rest_route=\/wp\/v2\/pages\/115","targetHints":{"allow":["GET"]}}],"collection":[{"href":"https:\/\/schule-am-eichtalpark.hamburg.de\/index.php?rest_route=\/wp\/v2\/pages"}],"about":[{"href":"https:\/\/schule-am-eichtalpark.hamburg.de\/index.php?rest_route=\/wp\/v2\/types\/page"}],"author":[{"embeddable":true,"href":"https:\/\/schule-am-eichtalpark.hamburg.de\/index.php?rest_route=\/wp\/v2\/users\/957"}],"replies":[{"embeddable":true,"href":"https:\/\/schule-am-eichtalpark.hamburg.de\/index.php?rest_route=%2Fwp%2Fv2%2Fcomments&post=115"}],"version-history":[{"count":20,"href":"https:\/\/schule-am-eichtalpark.hamburg.de\/index.php?rest_route=\/wp\/v2\/pages\/115\/revisions"}],"predecessor-version":[{"id":3211,"href":"https:\/\/schule-am-eichtalpark.hamburg.de\/index.php?rest_route=\/wp\/v2\/pages\/115\/revisions\/3211"}],"wp:attachment":[{"href":"https:\/\/schule-am-eichtalpark.hamburg.de\/index.php?rest_route=%2Fwp%2Fv2%2Fmedia&parent=115"}],"curies":[{"name":"wp","href":"https:\/\/api.w.org\/{rel}","templated":true}]}}