{"id":112,"date":"2015-06-17T14:30:26","date_gmt":"2015-06-17T12:30:26","guid":{"rendered":"http:\/\/schule-am-eichtalpark.schulhomepages.hamburg.de\/?page_id=112"},"modified":"2019-01-25T09:02:20","modified_gmt":"2019-01-25T08:02:20","slug":"stundenplan","status":"publish","type":"page","link":"https:\/\/schule-am-eichtalpark.hamburg.de\/?page_id=112","title":{"rendered":"Stundenplan"},"content":{"rendered":"<p>Seit dem Sommer 2015 sind wir eine offene Ganztagsschule in Kooperation mit dem Arbeiter-Samariter-Bund (ASB). Das hei\u00dft, dass der Unterricht Montags bis Freitags von 8-13 Uhr verl\u00e4sslich stattfindet. F\u00fcr die <a href=\"https:\/\/schule-am-eichtalpark.hamburg.de\/ganztag\/\">Nachmittagsbetreuung<\/a> von 13-16 Uhr m\u00fcssen Sie ihr Kind verbindlich anmelden.<\/p>\n<p><a href=\"https:\/\/schule-am-eichtalpark.hamburg.de\/wp-content\/uploads\/sites\/171\/2015\/12\/Bildschirmfoto-2015-12-01-um-20.24.21.jpg\" data-rel=\"lightbox\" data-rl_title=\"\" data-rl_caption=\"\" title=\"\"><img loading=\"lazy\" decoding=\"async\" class=\"alignnone size-full wp-image-689\" src=\"https:\/\/schule-am-eichtalpark.hamburg.de\/wp-content\/uploads\/sites\/171\/2015\/12\/Bildschirmfoto-2015-12-01-um-20.24.21.jpg\" alt=\"\" width=\"640\" height=\"440\" srcset=\"https:\/\/schule-am-eichtalpark.hamburg.de\/wp-content\/uploads\/sites\/171\/2015\/12\/Bildschirmfoto-2015-12-01-um-20.24.21.jpg 640w, https:\/\/schule-am-eichtalpark.hamburg.de\/wp-content\/uploads\/sites\/171\/2015\/12\/Bildschirmfoto-2015-12-01-um-20.24.21-300x206.jpg 300w\" sizes=\"auto, (max-width: 640px) 100vw, 640px\" \/><\/a><\/p>\n<p><a href=\"https:\/\/schule-am-eichtalpark.hamburg.de\/wp-content\/uploads\/sites\/171\/2015\/12\/Bildschirmfoto-2015-12-01-um-20.24.41.jpg\" data-rel=\"lightbox\" data-rl_title=\"\" data-rl_caption=\"\" title=\"\"><img loading=\"lazy\" decoding=\"async\" class=\"alignnone size-full wp-image-690\" src=\"https:\/\/schule-am-eichtalpark.hamburg.de\/wp-content\/uploads\/sites\/171\/2015\/12\/Bildschirmfoto-2015-12-01-um-20.24.41.jpg\" alt=\"\" width=\"640\" height=\"217\" srcset=\"https:\/\/schule-am-eichtalpark.hamburg.de\/wp-content\/uploads\/sites\/171\/2015\/12\/Bildschirmfoto-2015-12-01-um-20.24.41.jpg 640w, https:\/\/schule-am-eichtalpark.hamburg.de\/wp-content\/uploads\/sites\/171\/2015\/12\/Bildschirmfoto-2015-12-01-um-20.24.41-300x102.jpg 300w\" sizes=\"auto, (max-width: 640px) 100vw, 640px\" \/><\/a><\/p>\n<p>&nbsp;<\/p>\n<p>&nbsp;<\/p>\n<p>&nbsp;<\/p>\n","protected":false},"excerpt":{"rendered":"<p>Seit dem Sommer 2015 sind wir eine offene Ganztagsschule in Kooperation mit dem Arbeiter-Samariter-Bund (ASB). Das hei\u00dft, dass der Unterricht Montags bis Freitags von 8-13 Uhr verl\u00e4sslich stattfindet. F\u00fcr die Nachmittagsbetreuung von 13-16 Uhr m\u00fcssen Sie ihr Kind verbindlich anmelden. &nbsp; &nbsp; &nbsp;<\/p>\n","protected":false},"author":957,"featured_media":0,"parent":11,"menu_order":2,"comment_status":"closed","ping_status":"closed","template":"","meta":{"_acf_changed":false,"footnotes":""},"class_list":["post-112","page","type-page","status-publish","hentry"],"acf":[],"_links":{"self":[{"href":"https:\/\/schule-am-eichtalpark.hamburg.de\/index.php?rest_route=\/wp\/v2\/pages\/112","targetHints":{"allow":["GET"]}}],"collection":[{"href":"https:\/\/schule-am-eichtalpark.hamburg.de\/index.php?rest_route=\/wp\/v2\/pages"}],"about":[{"href":"https:\/\/schule-am-eichtalpark.hamburg.de\/index.php?rest_route=\/wp\/v2\/types\/page"}],"author":[{"embeddable":true,"href":"https:\/\/schule-am-eichtalpark.hamburg.de\/index.php?rest_route=\/wp\/v2\/users\/957"}],"replies":[{"embeddable":true,"href":"https:\/\/schule-am-eichtalpark.hamburg.de\/index.php?rest_route=%2Fwp%2Fv2%2Fcomments&post=112"}],"version-history":[{"count":2,"href":"https:\/\/schule-am-eichtalpark.hamburg.de\/index.php?rest_route=\/wp\/v2\/pages\/112\/revisions"}],"predecessor-version":[{"id":691,"href":"https:\/\/schule-am-eichtalpark.hamburg.de\/index.php?rest_route=\/wp\/v2\/pages\/112\/revisions\/691"}],"up":[{"embeddable":true,"href":"https:\/\/schule-am-eichtalpark.hamburg.de\/index.php?rest_route=\/wp\/v2\/pages\/11"}],"wp:attachment":[{"href":"https:\/\/schule-am-eichtalpark.hamburg.de\/index.php?rest_route=%2Fwp%2Fv2%2Fmedia&parent=112"}],"curies":[{"name":"wp","href":"https:\/\/api.w.org\/{rel}","templated":true}]}}